{"id":983,"date":"2018-04-15T11:49:29","date_gmt":"2018-04-15T08:49:29","guid":{"rendered":"http:\/\/dev.par-anoid.fi\/wp\/?post_type=product&#038;p=983"},"modified":"2022-06-02T10:40:29","modified_gmt":"2022-06-02T07:40:29","slug":"kastaplast-grym-x-k1","status":"publish","type":"product","link":"https:\/\/par-anoid.fi\/sv\/produkt\/kastaplast-grym-x-k1\/","title":{"rendered":"Kastaplast Grym X K1"},"content":{"rendered":"<p>Grym X \u00e4r en stabil fairway driver som erbjuder en bra balans mellan precision och glid. Som namnet antyder \u00e4r Grym X den popul\u00e4ra Grym discens biffiga kusin.<\/p>\n<p><strong>Plast<\/strong><br \/>\nK1 linjen \u00e4r Kastaplasts mest h\u00e5llbara plast.<\/p>\n<p><strong>M\u00e5tt<\/strong><br \/>\nDiameter: 21,2 cm<br \/>\nH\u00f6jd: 1,6 cm<br \/>\nRimdjup: 1,1 cm<br \/>\nRimbredd: 2,2 cm<\/p>\n<p><strong>Tillverkarens beskrivning<\/strong><br \/>\nGrym X is a stable distance driver that provides a well-balanced combination of accuracy and glide. It is designed to be the solid and dependable main driver that experienced players are asking for. As the name implies, Grym X is the beefy cousin to our popular Grym.<\/p>\n<p>Flight specs: 12, 5, 0, 3.<\/p>\n<p>Plastic Lines: K1<\/p>\n","protected":false},"excerpt":{"rendered":"<p>12 \/ 5 \/ 0 \/ 3<\/p>\n<p>Distance Driver<\/p>\n","protected":false},"featured_media":5893,"template":"","meta":{"_exactmetrics_skip_tracking":false,"_exactmetrics_sitenote_active":false,"_exactmetrics_sitenote_note":"","_exactmetrics_sitenote_category":0},"product_cat":[16,38],"product_tag":[],"class_list":{"0":"post-983","1":"product","2":"type-product","3":"status-publish","4":"has-post-thumbnail","6":"product_cat-discar","7":"product_cat-drivers","9":"first","10":"instock","11":"taxable","12":"shipping-taxable","13":"purchasable","14":"product-type-variable"},"_links":{"self":[{"href":"https:\/\/par-anoid.fi\/sv\/wp-json\/wp\/v2\/product\/983"}],"collection":[{"href":"https:\/\/par-anoid.fi\/sv\/wp-json\/wp\/v2\/product"}],"about":[{"href":"https:\/\/par-anoid.fi\/sv\/wp-json\/wp\/v2\/types\/product"}],"wp:featuredmedia":[{"embeddable":true,"href":"https:\/\/par-anoid.fi\/sv\/wp-json\/wp\/v2\/media\/5893"}],"wp:attachment":[{"href":"https:\/\/par-anoid.fi\/sv\/wp-json\/wp\/v2\/media?parent=983"}],"wp:term":[{"taxonomy":"product_cat","embeddable":true,"href":"https:\/\/par-anoid.fi\/sv\/wp-json\/wp\/v2\/product_cat?post=983"},{"taxonomy":"product_tag","embeddable":true,"href":"https:\/\/par-anoid.fi\/sv\/wp-json\/wp\/v2\/product_tag?post=983"}],"curies":[{"name":"wp","href":"https:\/\/api.w.org\/{rel}","templated":true}]}}