{"id":904,"date":"2018-04-15T09:40:01","date_gmt":"2018-04-15T06:40:01","guid":{"rendered":"http:\/\/dev.par-anoid.fi\/wp\/?post_type=product&#038;p=904"},"modified":"2021-08-21T12:47:30","modified_gmt":"2021-08-21T09:47:30","slug":"westside-discs-world-vip","status":"publish","type":"product","link":"https:\/\/par-anoid.fi\/sv\/produkt\/westside-discs-world-vip\/","title":{"rendered":"Westside Discs World VIP"},"content":{"rendered":"<p>World, eller Maailma, \u00e4r Westside discs snabbaste driver. Den har en bred kant vilket ger ett bra grepp och k\u00e4nsla och har en p\u00e5litlig flygbana. Passar powerkastare v\u00e4l och fungerar bra i motvind.<\/p>\n<p><strong>Plast<\/strong><br \/>\nVIP-plasten \u00e4r en slitstark plastblandning av h\u00f6g kvalitet som b\u00e5de k\u00e4nns och ser bra ut. Vip-plasten beh\u00e5ller sina flygegenskaper under en l\u00e5ng tid.<\/p>\n<p><strong>M\u00e5tt<\/strong><br \/>\nDiameter: 21,2 cm<br \/>\nH\u00f6jd: 1,6 cm<br \/>\nRimdjup: 1,2 cm<br \/>\nRimbredd: 2,4 cm<\/p>\n<p><strong>Tillverkarens beskrivning<\/strong><br \/>\nThe World is our fastest high speed driver. Designed as a distance driver the World gets there fast and flies great close to the ground. It has a low profile and a great feel. For professional players it is the fastest disc on the market that holds a hyzer line for anyone. For lower speed arms the World will be the disc in your bag that is over stable and fast in all conditions. You can count on the World to get you further down the fairway right away.<\/p>\n","protected":false},"excerpt":{"rendered":"<p>14 \/ 4 \/ -0,5 \/ 3<\/p>\n<p>Distance Driver<\/p>\n","protected":false},"featured_media":3631,"template":"","meta":{"_exactmetrics_skip_tracking":false,"_exactmetrics_sitenote_active":false,"_exactmetrics_sitenote_note":"","_exactmetrics_sitenote_category":0},"product_cat":[16,38],"product_tag":[],"class_list":{"0":"post-904","1":"product","2":"type-product","3":"status-publish","4":"has-post-thumbnail","6":"product_cat-discar","7":"product_cat-drivers","9":"first","10":"instock","11":"taxable","12":"shipping-taxable","13":"purchasable","14":"product-type-variable"},"_links":{"self":[{"href":"https:\/\/par-anoid.fi\/sv\/wp-json\/wp\/v2\/product\/904"}],"collection":[{"href":"https:\/\/par-anoid.fi\/sv\/wp-json\/wp\/v2\/product"}],"about":[{"href":"https:\/\/par-anoid.fi\/sv\/wp-json\/wp\/v2\/types\/product"}],"wp:featuredmedia":[{"embeddable":true,"href":"https:\/\/par-anoid.fi\/sv\/wp-json\/wp\/v2\/media\/3631"}],"wp:attachment":[{"href":"https:\/\/par-anoid.fi\/sv\/wp-json\/wp\/v2\/media?parent=904"}],"wp:term":[{"taxonomy":"product_cat","embeddable":true,"href":"https:\/\/par-anoid.fi\/sv\/wp-json\/wp\/v2\/product_cat?post=904"},{"taxonomy":"product_tag","embeddable":true,"href":"https:\/\/par-anoid.fi\/sv\/wp-json\/wp\/v2\/product_tag?post=904"}],"curies":[{"name":"wp","href":"https:\/\/api.w.org\/{rel}","templated":true}]}}