{"id":757,"date":"2018-04-14T19:16:37","date_gmt":"2018-04-14T16:16:37","guid":{"rendered":"http:\/\/dev.par-anoid.fi\/wp\/?post_type=product&#038;p=757"},"modified":"2021-09-20T18:16:56","modified_gmt":"2021-09-20T15:16:56","slug":"westside-discs-king-vip","status":"publish","type":"product","link":"https:\/\/par-anoid.fi\/sv\/produkt\/westside-discs-king-vip\/","title":{"rendered":"Westside Discs King VIP"},"content":{"rendered":"<p>King, eller Pohjolan is\u00e4nt\u00e4, \u00e4r en understabil driver och en av Westside discs snabbaste. Den \u00e4r ocks\u00e5 en av Westside discs mest popul\u00e4ra och passar trots sin snabbhet spelare p\u00e5 alla niv\u00e5er.<\/p>\n<p><strong>Plast<\/strong><br \/>\nVIP-plasten \u00e4r en slitstark plastblandning av h\u00f6g kvalitet som b\u00e5de k\u00e4nns och ser bra ut. Vip-plasten beh\u00e5ller sina flygegenskaper under en l\u00e5ng tid.<\/p>\n<p><strong>M\u00e5tt<\/strong><br \/>\nDiameter: 21,1 cm<br \/>\nH\u00f6jd: 1,9 cm<br \/>\nRimdjup: 1,1 cm<br \/>\nRimbredd: 2,3 cm<\/p>\n<p><strong>Tillverkarens beskrivning<\/strong><br \/>\nOur most popular high speed driver, the Westside King is our fastest disc for all levels of players. The farthest flying disc in our line the King is designed to allow the average player to experience a long distance flight. It has a good grip and a nice high dome. It traps the air and rides on it like you have never seen before. For professional players the King will be your longest flying disc and roller in your bag. For lower speed arms this will finally give you that full flight you always wanted on the course.<\/p>\n","protected":false},"excerpt":{"rendered":"<p>14 \/ 5 \/ -1,5 \/ 3<\/p>\n<p>Distance Driver<\/p>\n","protected":false},"featured_media":3623,"template":"","meta":{"_exactmetrics_skip_tracking":false,"_exactmetrics_sitenote_active":false,"_exactmetrics_sitenote_note":"","_exactmetrics_sitenote_category":0},"product_cat":[16,38],"product_tag":[],"class_list":{"0":"post-757","1":"product","2":"type-product","3":"status-publish","4":"has-post-thumbnail","6":"product_cat-discar","7":"product_cat-drivers","9":"first","10":"instock","11":"taxable","12":"shipping-taxable","13":"purchasable","14":"product-type-variable"},"_links":{"self":[{"href":"https:\/\/par-anoid.fi\/sv\/wp-json\/wp\/v2\/product\/757"}],"collection":[{"href":"https:\/\/par-anoid.fi\/sv\/wp-json\/wp\/v2\/product"}],"about":[{"href":"https:\/\/par-anoid.fi\/sv\/wp-json\/wp\/v2\/types\/product"}],"wp:featuredmedia":[{"embeddable":true,"href":"https:\/\/par-anoid.fi\/sv\/wp-json\/wp\/v2\/media\/3623"}],"wp:attachment":[{"href":"https:\/\/par-anoid.fi\/sv\/wp-json\/wp\/v2\/media?parent=757"}],"wp:term":[{"taxonomy":"product_cat","embeddable":true,"href":"https:\/\/par-anoid.fi\/sv\/wp-json\/wp\/v2\/product_cat?post=757"},{"taxonomy":"product_tag","embeddable":true,"href":"https:\/\/par-anoid.fi\/sv\/wp-json\/wp\/v2\/product_tag?post=757"}],"curies":[{"name":"wp","href":"https:\/\/api.w.org\/{rel}","templated":true}]}}