{"id":7521,"date":"2022-05-12T09:10:49","date_gmt":"2022-05-12T06:10:49","guid":{"rendered":"https:\/\/par-anoid.fi\/?post_type=product&#038;p=7521"},"modified":"2022-12-14T22:24:25","modified_gmt":"2022-12-14T20:24:25","slug":"kastaplast-grym-k1-glow-hattifatternes-moomin-edition","status":"publish","type":"product","link":"https:\/\/par-anoid.fi\/sv\/produkt\/kastaplast-grym-k1-glow-hattifatternes-moomin-edition\/","title":{"rendered":"Kastaplast Grym K1 Glow (Hattifatternes, Moomin Edition)"},"content":{"rendered":"<p>Grym \u00e4r ett utm\u00e4rkt val f\u00f6r l\u00e5nga s-formade flyglinjer och medvindskast.<\/p>\n<p><strong>Plast<\/strong><br \/>\nK1 linjen \u00e4r Kastaplasts mest h\u00e5llbara plast.<\/p>\n<p><strong>M\u00e5tt<\/strong><br \/>\nDiameter: 21,1 cm<br \/>\nH\u00f6jd: 1,8 cm<br \/>\nRimdjup: 1,1 cm<br \/>\nRimbredd: 2,2 cm<\/p>\n<p><strong>Tillverkarens beskrivning<\/strong><br \/>\nGrym is our new disc for long smooth s-curves and tailwind bombs. A distance driver with a clean shape and a comfortable 2,2 cm rim. This disc is a big D driver for the common player. Grym is Swedish for cruel or awesome \u2013 try it out for some grym lines! \u2026or as one of our team players put it\u2026 \u201cby the way, that Grym gooooeees\u2026\u201d.<\/p>\n<p>Grym in traditional flight specs: 13\/5\/-1\/2.<\/p>\n<p>Plastic Lines: K1<\/p>\n","protected":false},"excerpt":{"rendered":"<p>13 \/ 5 \/ -1 \/ 2<\/p>\n<p>Distance Driver<\/p>\n","protected":false},"featured_media":7531,"template":"","meta":{"_exactmetrics_skip_tracking":false,"_exactmetrics_sitenote_active":false,"_exactmetrics_sitenote_note":"","_exactmetrics_sitenote_category":0},"product_cat":[16,38,100,41],"product_tag":[],"class_list":{"0":"post-7521","1":"product","2":"type-product","3":"status-publish","4":"has-post-thumbnail","6":"product_cat-discar","7":"product_cat-drivers","8":"product_cat-moonshine-glow","9":"product_cat-specialtryck","11":"first","12":"instock","13":"taxable","14":"shipping-taxable","15":"purchasable","16":"product-type-variable"},"_links":{"self":[{"href":"https:\/\/par-anoid.fi\/sv\/wp-json\/wp\/v2\/product\/7521"}],"collection":[{"href":"https:\/\/par-anoid.fi\/sv\/wp-json\/wp\/v2\/product"}],"about":[{"href":"https:\/\/par-anoid.fi\/sv\/wp-json\/wp\/v2\/types\/product"}],"wp:featuredmedia":[{"embeddable":true,"href":"https:\/\/par-anoid.fi\/sv\/wp-json\/wp\/v2\/media\/7531"}],"wp:attachment":[{"href":"https:\/\/par-anoid.fi\/sv\/wp-json\/wp\/v2\/media?parent=7521"}],"wp:term":[{"taxonomy":"product_cat","embeddable":true,"href":"https:\/\/par-anoid.fi\/sv\/wp-json\/wp\/v2\/product_cat?post=7521"},{"taxonomy":"product_tag","embeddable":true,"href":"https:\/\/par-anoid.fi\/sv\/wp-json\/wp\/v2\/product_tag?post=7521"}],"curies":[{"name":"wp","href":"https:\/\/api.w.org\/{rel}","templated":true}]}}