{"id":7495,"date":"2022-05-10T17:27:01","date_gmt":"2022-05-10T14:27:01","guid":{"rendered":"https:\/\/par-anoid.fi\/?post_type=product&#038;p=7495"},"modified":"2022-12-14T22:24:25","modified_gmt":"2022-12-14T20:24:25","slug":"kastaplast-svea-k3-hard-little-my-family-moomin-edition","status":"publish","type":"product","link":"https:\/\/par-anoid.fi\/sv\/produkt\/kastaplast-svea-k3-hard-little-my-family-moomin-edition\/","title":{"rendered":"Kastaplast Svea K3 Hard (Little My Family, Moomin Edition)"},"content":{"rendered":"<p>Sveas nyckelord \u00e4r glid!<br \/>\nDenna l\u00e4ttkastade disc kan vara det hemliga vapnet f\u00f6r den som vill vara framg\u00e5nsrik p\u00e5 banan. Svea passar utm\u00e4rkt i tr\u00e5nga passager d\u00e4r det beh\u00f6vs spikraka precisionskast och f\u00f6r l\u00e5nga anhyzerlinjer. Dess profil \u00e4r l\u00e4gre \u00e4n systerdiscen G\u00f6tes, s\u00e5 den k\u00e4nns bekv\u00e4m \u00e4ven i mindre h\u00e4nder.<\/p>\n<p><strong>Plast<\/strong><br \/>\nK1-linjen \u00e4r Kastaplasts mest h\u00e5llbara plast.<\/p>\n<p><strong>M\u00e5tt<\/strong><br \/>\nDiameter: 21,9 cm<br \/>\nH\u00f6jd: 2,1 cm<br \/>\nRimdjup: 1,3 cm<br \/>\nRimbredd: 1,3 cm<\/p>\n<p><strong>Tillverkarens beskrivning<\/strong><br \/>\nTHE KEY WORD IS GLIDE. USE SVEA FOR LAZER-STRAIGHT PRECISION SHOTS, LONG-LASTING ANHYZER LINES OR SMOOTH HYZERS.<br \/>\nThis easy-to-use disc might be your secret weapon to perform the lines you need. However, don\u2019t mistake it for a beginners only disc. Whenever you need massive glide, Svea will deliver. It offers a lower profile than our G\u00f6te midrange disc, making it suitable for smaller hands. Easy to grip and easy to release. Svea is an old Swedish name which is derived from the people of Svea Rike, later Sweden.<\/p>\n<p>Suitable for: Low power throwers and whenever glide is needed.<\/p>\n","protected":false},"excerpt":{"rendered":"<p>5 \/ 6 \/ -1 \/ 0<\/p>\n<p>Midrange<\/p>\n","protected":false},"featured_media":7518,"template":"","meta":{"_exactmetrics_skip_tracking":false,"_exactmetrics_sitenote_active":false,"_exactmetrics_sitenote_note":"","_exactmetrics_sitenote_category":0},"product_cat":[16,40,41],"product_tag":[],"class_list":{"0":"post-7495","1":"product","2":"type-product","3":"status-publish","4":"has-post-thumbnail","6":"product_cat-discar","7":"product_cat-midrange","8":"product_cat-specialtryck","10":"first","11":"instock","12":"taxable","13":"shipping-taxable","14":"purchasable","15":"product-type-variable"},"_links":{"self":[{"href":"https:\/\/par-anoid.fi\/sv\/wp-json\/wp\/v2\/product\/7495"}],"collection":[{"href":"https:\/\/par-anoid.fi\/sv\/wp-json\/wp\/v2\/product"}],"about":[{"href":"https:\/\/par-anoid.fi\/sv\/wp-json\/wp\/v2\/types\/product"}],"wp:featuredmedia":[{"embeddable":true,"href":"https:\/\/par-anoid.fi\/sv\/wp-json\/wp\/v2\/media\/7518"}],"wp:attachment":[{"href":"https:\/\/par-anoid.fi\/sv\/wp-json\/wp\/v2\/media?parent=7495"}],"wp:term":[{"taxonomy":"product_cat","embeddable":true,"href":"https:\/\/par-anoid.fi\/sv\/wp-json\/wp\/v2\/product_cat?post=7495"},{"taxonomy":"product_tag","embeddable":true,"href":"https:\/\/par-anoid.fi\/sv\/wp-json\/wp\/v2\/product_tag?post=7495"}],"curies":[{"name":"wp","href":"https:\/\/api.w.org\/{rel}","templated":true}]}}