{"id":7294,"date":"2022-03-13T14:36:50","date_gmt":"2022-03-13T12:36:50","guid":{"rendered":"https:\/\/par-anoid.fi\/?post_type=product&#038;p=7294"},"modified":"2025-11-26T07:35:27","modified_gmt":"2025-11-26T05:35:27","slug":"discmania-fd-c-line","status":"publish","type":"product","link":"https:\/\/par-anoid.fi\/sv\/produkt\/discmania-fd-c-line\/","title":{"rendered":"Discmania FD C-Line"},"content":{"rendered":"<p>Discmanias f\u00f6rsta fairwaydriver som direkt blev en favorit och en av Discmanias mest s\u00e5lda discar. FD \u00e4r en l\u00e4ttkastad disc som flyger rakare \u00e4n m\u00e5nga midrange-discar och har ett otroligt glid.<\/p>\n<p><strong>Plast<\/strong><br \/>\nC-Line plastic \u2014 a new plastic designed to exceed the expectations of even most demanding customers. This isn\u2019t the C-Line of the past, it isn\u2019t Neo blend from the Evolution line, or whatever other premium plastic there is. This is new C-line and there is nothing else like it. The end result is a stunning, Italian-made blend that produces unmatched grip, flight performance, and great durability<\/p>\n<p><strong>M\u00e5tt<\/strong><br \/>\nDiameter: 21,2 cm<br \/>\nH\u00f6jd: 1,4 cm<br \/>\nRimdjup: 1,1 cm<br \/>\nRimbredd: 1,7 cm<\/p>\n<p><strong>Tillverkarens beskrivning<\/strong><br \/>\nThis is the FD, our most popular fairway driver &#8211; Reinvented.<\/p>\n<p>The FD was our first Fairway Driver and has always been a true best seller in our line up. It&#8217;s certainly one of the most iconic Discmania molds out there. If you&#8217;re looking to get your hands on your first Discmania disc, this is a great place to start.<\/p>\n<p>Famous for its extremely straight flight path combined with high glide and controllability, the FD has a place in everyone\u2019s bag. New players will fall in love with the FD&#8217;s straight-to-stable flight path and dependability off the tee. For players with some experience, the FD offers point-and-shoot accuracy that connects you with your target at ease.<\/p>\n<p>The FD is a great foundation to build your bag around, as its versatility ensures it&#8217;s the one disc you&#8217;ll reach for over and over again in various situations. Don\u2019t let the speed rating fool you, the FD glides surprisingly far!<\/p>\n<p>If you are having trouble hitting the fairway with max speed drivers, take a step back, let the glide take you there, and the straight flight will place you in the middle of the fairway. The C-line version tends to settle on the more overstable end of the FD spectrum, meaning it can handle a lot of power while maintaining a straight flight path.<\/p>\n<p>Good for: Straight fairway drives, anhyzers, rollers, for beginners, advanced and pro players alike.<\/p>\n","protected":false},"excerpt":{"rendered":"<p>7 \/ 6 \/ 0 \/ 1<\/p>\n<p>Fairway Driver<\/p>\n","protected":false},"featured_media":7306,"template":"","meta":{"_exactmetrics_skip_tracking":false,"_exactmetrics_sitenote_active":false,"_exactmetrics_sitenote_note":"","_exactmetrics_sitenote_category":0},"product_cat":[16,38],"product_tag":[],"class_list":{"0":"post-7294","1":"product","2":"type-product","3":"status-publish","4":"has-post-thumbnail","6":"product_cat-discar","7":"product_cat-drivers","9":"first","10":"instock","11":"taxable","12":"shipping-taxable","13":"purchasable","14":"product-type-variable"},"_links":{"self":[{"href":"https:\/\/par-anoid.fi\/sv\/wp-json\/wp\/v2\/product\/7294"}],"collection":[{"href":"https:\/\/par-anoid.fi\/sv\/wp-json\/wp\/v2\/product"}],"about":[{"href":"https:\/\/par-anoid.fi\/sv\/wp-json\/wp\/v2\/types\/product"}],"wp:featuredmedia":[{"embeddable":true,"href":"https:\/\/par-anoid.fi\/sv\/wp-json\/wp\/v2\/media\/7306"}],"wp:attachment":[{"href":"https:\/\/par-anoid.fi\/sv\/wp-json\/wp\/v2\/media?parent=7294"}],"wp:term":[{"taxonomy":"product_cat","embeddable":true,"href":"https:\/\/par-anoid.fi\/sv\/wp-json\/wp\/v2\/product_cat?post=7294"},{"taxonomy":"product_tag","embeddable":true,"href":"https:\/\/par-anoid.fi\/sv\/wp-json\/wp\/v2\/product_tag?post=7294"}],"curies":[{"name":"wp","href":"https:\/\/api.w.org\/{rel}","templated":true}]}}