{"id":7252,"date":"2022-03-13T13:51:29","date_gmt":"2022-03-13T11:51:29","guid":{"rendered":"https:\/\/par-anoid.fi\/?post_type=product&#038;p=7252"},"modified":"2022-06-03T08:20:16","modified_gmt":"2022-06-03T05:20:16","slug":"discmania-link-soft-exo","status":"publish","type":"product","link":"https:\/\/par-anoid.fi\/sv\/produkt\/discmania-link-soft-exo\/","title":{"rendered":"Discmania Link Soft Exo"},"content":{"rendered":"<p>Den f\u00f6rsta puttern i Evolution-serien, Link, \u00e4r en rak och stabil putter, som har en n\u00e5got l\u00e4gre profil \u00e4n P2, och \u00e4r idealisk f\u00f6r b\u00e5de puttar och approach-kast. Link \u00e4r s\u00e5 pass stabil att den klarar \u00e4ven en h\u00e5rda utkast utan att discen tappar kontrollen. Tack vare sin stabilitet kan Link \u00e4ven kastas i anhyzer vinkel med bra kontroll. Med tanke p\u00e5 sin m\u00e5ngsidighet \u00e4r den h\u00e4r discen \u00e4ven l\u00e4mplig f\u00f6r nyb\u00f6rjare.<\/p>\n<p><strong>Plast<\/strong><br \/>\nSoft Exo-plasten i Discmanias Evolution-serie \u00e4r en h\u00e5llbar och l\u00e4tt flexibel plastblandning. Den \u00e4r designad f\u00f6r spelare som anser att ett bra grepp \u00e4r av st\u00f6rsta vikt.<\/p>\n<p><strong>M\u00e5tt<\/strong><br \/>\nDiameter: 21,2 cm<br \/>\nH\u00f6jd: 1,9 cm<br \/>\nRimdjup: 1,5 cm<br \/>\nRimbredd: 1,0 cm<\/p>\n<p><strong>Tillverkarens beskrivning<\/strong><br \/>\nThe Link has a stable flight for a putter, able to take large amounts of spin without getting floaty and able to glide to the basket without fading out too soon. The Link fits the perfect all around putter for beginners and seasoned pros alike. This putter features a big bead on the rim that makes the Link feel comfortable and helps it glide out of the hand easily on every shot. The Link is slightly shorter than the P2 while not being short enough to qualify as low profile. Anyone who\u2019s a fan of the P2 but looking for a smaller grip will find an immediate comfort in the Link. The Link has a straight flight when thrown, resulting in a putter that can be relied upon for any up shot needed on the green. Attack the basket head on, or adjust the angle of release and have a putter that can crush any hyzer or anhyzer line with enough glide to carry clear down the fairway.<\/p>\n<p>Soft Exo: The Soft Exo plastic gives players the option of a softer putter for both throwing and putting. You&#8217;ll find that the plastic of these Soft Links has a bit more grip to the plastic and the slightly gummier composition allows grab a hold of the chains and the surrounding green without sliding or skipping away. A truly useful tool to have for those tricky landscapes out there!<\/p>\n","protected":false},"excerpt":{"rendered":"<p>2 \/ 3 \/ 0 \/ 1<\/p>\n<p>Putt &amp; Approach<\/p>\n","protected":false},"featured_media":7260,"template":"","meta":{"_exactmetrics_skip_tracking":false,"_exactmetrics_sitenote_active":false,"_exactmetrics_sitenote_note":"","_exactmetrics_sitenote_category":0},"product_cat":[16,39],"product_tag":[],"class_list":{"0":"post-7252","1":"product","2":"type-product","3":"status-publish","4":"has-post-thumbnail","6":"product_cat-discar","7":"product_cat-putter","9":"first","10":"instock","11":"taxable","12":"shipping-taxable","13":"purchasable","14":"product-type-variable"},"_links":{"self":[{"href":"https:\/\/par-anoid.fi\/sv\/wp-json\/wp\/v2\/product\/7252"}],"collection":[{"href":"https:\/\/par-anoid.fi\/sv\/wp-json\/wp\/v2\/product"}],"about":[{"href":"https:\/\/par-anoid.fi\/sv\/wp-json\/wp\/v2\/types\/product"}],"wp:featuredmedia":[{"embeddable":true,"href":"https:\/\/par-anoid.fi\/sv\/wp-json\/wp\/v2\/media\/7260"}],"wp:attachment":[{"href":"https:\/\/par-anoid.fi\/sv\/wp-json\/wp\/v2\/media?parent=7252"}],"wp:term":[{"taxonomy":"product_cat","embeddable":true,"href":"https:\/\/par-anoid.fi\/sv\/wp-json\/wp\/v2\/product_cat?post=7252"},{"taxonomy":"product_tag","embeddable":true,"href":"https:\/\/par-anoid.fi\/sv\/wp-json\/wp\/v2\/product_tag?post=7252"}],"curies":[{"name":"wp","href":"https:\/\/api.w.org\/{rel}","templated":true}]}}