{"id":7233,"date":"2022-03-13T13:27:45","date_gmt":"2022-03-13T11:27:45","guid":{"rendered":"https:\/\/par-anoid.fi\/?post_type=product&#038;p=7233"},"modified":"2025-07-24T08:56:01","modified_gmt":"2025-07-24T05:56:01","slug":"discmania-essence-neo","status":"publish","type":"product","link":"https:\/\/par-anoid.fi\/sv\/produkt\/discmania-essence-neo\/","title":{"rendered":"Discmania Essence Neo"},"content":{"rendered":"<p>Essence \u00e4r Evolutionlinjens understabila fairwaydriver som passar utm\u00e4rkt f\u00f6r nya spelare som en f\u00f6rsta driver, men \u00e4r ett bra komplement ocks\u00e5 f\u00f6r erfarna kastare. Essence fungerar ocks\u00e5 fint f\u00f6r rollerkast.<\/p>\n<p><strong>Plast<\/strong><br \/>\nDiscmania Evolution line Neo plasten \u00e4r t\u00e5lig och l\u00e4tt genomskinlig. Den \u00e4r tillr\u00e4ckligt styv f\u00f6r att passa alla v\u00e4rmef\u00f6rh\u00e5llanden, men samtidigt s\u00e5 pass flexibel att den ger ett riktigt bra grepp! Discar gjorda i detta plast \u00e4r som en f\u00f6rl\u00e4ngning av din arm.<\/p>\n<p><strong>M\u00e5tt<\/strong><br \/>\nDiameter: 21,1 cm<br \/>\nH\u00f6jd: 1,6 cm<br \/>\nRimdjup: 1,1 cm<br \/>\nRimbredd: 2,2 cm<\/p>\n<p><strong>Tillverkarens beskrivning<\/strong><br \/>\nThe Essence is the do-it-all fairway driver in the Evolution line up. Let\u2019s compare it to something you\u2019re all familiar with, shall we? The closest relative to the Essence as it stands now is the TD2 from the Originals line. We\u2019ve repurposed, reimagined, and reinvented our goals for an understable fairway driver and have done exactly that. Given the understable nature of the Essence, this disc is best suited for players looking for their first distance driver, backhand or smooth forehand throws, tailwinds, and excellent roller shots. Although beginner and novice throwers are recommended, we expect many pros out there will take a liking to this disc quickly. The rounded semi-blunt nose of the disc allows for fantastic roller shots and controlled backhand or forehand throws when you need it most. If you find yourself on a technical hole out on the links, you\u2019ll reach for the Essence!<\/p>\n<p>Pro tip: Neo plastic is a premium blend, similar to Opto or Champion plastic. This offers unparalleled grip and durability, allowing the disc to have a longer life span in your bag. Most players prefer to season one well and add a new one periodically throughout the season.<\/p>\n","protected":false},"excerpt":{"rendered":"<p>8 \/ 6 \/ -2 \/ 1<\/p>\n<p>Fairway Driver<\/p>\n","protected":false},"featured_media":7246,"template":"","meta":{"_exactmetrics_skip_tracking":false,"_exactmetrics_sitenote_active":false,"_exactmetrics_sitenote_note":"","_exactmetrics_sitenote_category":0},"product_cat":[16,38],"product_tag":[],"class_list":{"0":"post-7233","1":"product","2":"type-product","3":"status-publish","4":"has-post-thumbnail","6":"product_cat-discar","7":"product_cat-drivers","9":"first","10":"instock","11":"taxable","12":"shipping-taxable","13":"purchasable","14":"product-type-variable"},"_links":{"self":[{"href":"https:\/\/par-anoid.fi\/sv\/wp-json\/wp\/v2\/product\/7233"}],"collection":[{"href":"https:\/\/par-anoid.fi\/sv\/wp-json\/wp\/v2\/product"}],"about":[{"href":"https:\/\/par-anoid.fi\/sv\/wp-json\/wp\/v2\/types\/product"}],"wp:featuredmedia":[{"embeddable":true,"href":"https:\/\/par-anoid.fi\/sv\/wp-json\/wp\/v2\/media\/7246"}],"wp:attachment":[{"href":"https:\/\/par-anoid.fi\/sv\/wp-json\/wp\/v2\/media?parent=7233"}],"wp:term":[{"taxonomy":"product_cat","embeddable":true,"href":"https:\/\/par-anoid.fi\/sv\/wp-json\/wp\/v2\/product_cat?post=7233"},{"taxonomy":"product_tag","embeddable":true,"href":"https:\/\/par-anoid.fi\/sv\/wp-json\/wp\/v2\/product_tag?post=7233"}],"curies":[{"name":"wp","href":"https:\/\/api.w.org\/{rel}","templated":true}]}}