{"id":6861,"date":"2021-11-20T14:00:31","date_gmt":"2021-11-20T12:00:31","guid":{"rendered":"https:\/\/par-anoid.fi\/?post_type=product&#038;p=6861"},"modified":"2022-09-29T19:27:42","modified_gmt":"2022-09-29T16:27:42","slug":"latitude-64-river-opto-glimmer","status":"publish","type":"product","link":"https:\/\/par-anoid.fi\/sv\/produkt\/latitude-64-river-opto-glimmer\/","title":{"rendered":"Latitude 64 River Opto Glimmer"},"content":{"rendered":"<p>River \u00e4r en av Latitude 64:s mest popul\u00e4ra discar, antagligen p\u00e5 grund av dess fantastiska glid. River \u00e4r en l\u00e4ttkastad fairwaydriver, som sitter bra i handen. Den passar alla typer av spelare och \u00e4r popul\u00e4r bland nyb\u00f6rjare och damspelare.<\/p>\n<p><strong>Plast<\/strong><br \/>\nOpto-plasten \u00e4r Latitude 64:s mest h\u00e5llbara plast och av h\u00f6g kvalitet. Discar gjorda av denna plast beh\u00e5ller sina flygegenskaper l\u00e4ngre.<\/p>\n<p><strong>M\u00e5tt<\/strong><br \/>\nDiameter: 21,5 cm<br \/>\nH\u00f6jd: 1,9 cm<br \/>\nRimdjup: 1,2 cm<br \/>\nRimbredd: 1,8 cm<\/p>\n<p><strong>Tillverkarens beskrivning<\/strong><br \/>\nRiver is one of our most popular discs. And this thing has GLIDE. It is easy to throw and fits most player\u2019s power and skill levels. River is a fairway control driver and while it is not the fastest disc we have made, and does not have the widest wing ever made, it is a disc for accurate driving and good control. With small fade and amazing glide, you can really let it fly on those big anhyzer curves.<\/p>\n","protected":false},"excerpt":{"rendered":"<p>7 \/ 7 \/ -1 \/ 1<\/p>\n<p>Fairway Driver<\/p>\n","protected":false},"featured_media":6869,"template":"","meta":{"_exactmetrics_skip_tracking":false,"_exactmetrics_sitenote_active":false,"_exactmetrics_sitenote_note":"","_exactmetrics_sitenote_category":0},"product_cat":[16,38],"product_tag":[],"class_list":{"0":"post-6861","1":"product","2":"type-product","3":"status-publish","4":"has-post-thumbnail","6":"product_cat-discar","7":"product_cat-drivers","9":"first","10":"instock","11":"taxable","12":"shipping-taxable","13":"purchasable","14":"product-type-variable"},"_links":{"self":[{"href":"https:\/\/par-anoid.fi\/sv\/wp-json\/wp\/v2\/product\/6861"}],"collection":[{"href":"https:\/\/par-anoid.fi\/sv\/wp-json\/wp\/v2\/product"}],"about":[{"href":"https:\/\/par-anoid.fi\/sv\/wp-json\/wp\/v2\/types\/product"}],"wp:featuredmedia":[{"embeddable":true,"href":"https:\/\/par-anoid.fi\/sv\/wp-json\/wp\/v2\/media\/6869"}],"wp:attachment":[{"href":"https:\/\/par-anoid.fi\/sv\/wp-json\/wp\/v2\/media?parent=6861"}],"wp:term":[{"taxonomy":"product_cat","embeddable":true,"href":"https:\/\/par-anoid.fi\/sv\/wp-json\/wp\/v2\/product_cat?post=6861"},{"taxonomy":"product_tag","embeddable":true,"href":"https:\/\/par-anoid.fi\/sv\/wp-json\/wp\/v2\/product_tag?post=6861"}],"curies":[{"name":"wp","href":"https:\/\/api.w.org\/{rel}","templated":true}]}}