{"id":653,"date":"2018-04-14T17:33:29","date_gmt":"2018-04-14T14:33:29","guid":{"rendered":"http:\/\/dev.par-anoid.fi\/wp\/?post_type=product&#038;p=653"},"modified":"2020-08-24T08:33:57","modified_gmt":"2020-08-24T05:33:57","slug":"westside-discs-destiny-tournament","status":"publish","type":"product","link":"https:\/\/par-anoid.fi\/sv\/produkt\/westside-discs-destiny-tournament\/","title":{"rendered":"Westside Discs Destiny Tournament"},"content":{"rendered":"<p>Destiny, eller Kohtalo, \u00e4r en snabb, understabil disc med bra glid.<\/p>\n<p><strong>Plast<\/strong><br \/>\nTournamentplasten \u00e4r en plast av h\u00f6gsta kvalitet. Den \u00e4r i stort sett lika slitstark som Vip-plasten men kan erbjuda ett b\u00e4ttre grepp speciellt n\u00e4r det regnar.<\/p>\n<p><strong>M\u00e5tt<\/strong><br \/>\nDiameter: 21,1 cm<br \/>\nH\u00f6jd: 1,8 cm<br \/>\nRimdjup: 1,0 cm<br \/>\nRimbredd: 2,4 cm<\/p>\n<p><strong>Tillverkarens beskrivning<\/strong><br \/>\nTwo things are undeniable about this disc &#8211; speed and glide. This beauty really gets out there. For the higher arm speeds, a powered down throw will still get out to great distances. For the lower arm speeds, this will be your long range bomber. Everyone can find a way to throw the Destiny. You will just have to walk a long way to go pick it up.<\/p>\n","protected":false},"excerpt":{"rendered":"<p>14 \/ 6 \/ -2 \/ 3<\/p>\n<p>Distance Driver<\/p>\n","protected":false},"featured_media":3593,"template":"","meta":{"_exactmetrics_skip_tracking":false,"_exactmetrics_sitenote_active":false,"_exactmetrics_sitenote_note":"","_exactmetrics_sitenote_category":0},"product_cat":[16,38],"product_tag":[],"class_list":{"0":"post-653","1":"product","2":"type-product","3":"status-publish","4":"has-post-thumbnail","6":"product_cat-discar","7":"product_cat-drivers","9":"first","10":"instock","11":"taxable","12":"shipping-taxable","13":"purchasable","14":"product-type-variable"},"_links":{"self":[{"href":"https:\/\/par-anoid.fi\/sv\/wp-json\/wp\/v2\/product\/653"}],"collection":[{"href":"https:\/\/par-anoid.fi\/sv\/wp-json\/wp\/v2\/product"}],"about":[{"href":"https:\/\/par-anoid.fi\/sv\/wp-json\/wp\/v2\/types\/product"}],"wp:featuredmedia":[{"embeddable":true,"href":"https:\/\/par-anoid.fi\/sv\/wp-json\/wp\/v2\/media\/3593"}],"wp:attachment":[{"href":"https:\/\/par-anoid.fi\/sv\/wp-json\/wp\/v2\/media?parent=653"}],"wp:term":[{"taxonomy":"product_cat","embeddable":true,"href":"https:\/\/par-anoid.fi\/sv\/wp-json\/wp\/v2\/product_cat?post=653"},{"taxonomy":"product_tag","embeddable":true,"href":"https:\/\/par-anoid.fi\/sv\/wp-json\/wp\/v2\/product_tag?post=653"}],"curies":[{"name":"wp","href":"https:\/\/api.w.org\/{rel}","templated":true}]}}