{"id":6314,"date":"2021-08-28T15:07:19","date_gmt":"2021-08-28T12:07:19","guid":{"rendered":"https:\/\/par-anoid.fi\/?post_type=product&#038;p=6314"},"modified":"2025-05-18T16:49:32","modified_gmt":"2025-05-18T13:49:32","slug":"innova-nova-xt","status":"publish","type":"product","link":"https:\/\/par-anoid.fi\/sv\/produkt\/innova-nova-xt\/","title":{"rendered":"Innova Nova XT"},"content":{"rendered":"<p>Innovas revolutionerande OverMold-putter Nova \u00e4r det f\u00f6rsta valet f\u00f6r spelare som vill ha en raktflygande putter.<br \/>\nNova \u00e4r raktflygande och har en minimal fade \u00f6ven n\u00e4r den kastas i l\u00e4gre hastigheter.<br \/>\nNova l\u00e4mpar sig inte riktig f\u00f6r kast med stor kraft bakom utan kommer till sin r\u00e4tt med mjuka, kontrollerade kast.<br \/>\nNovas plastkant g\u00f6r \u00e4ven att discen stannar fortare n\u00e4r den tr\u00e4ffar marken och hindrar den ocks\u00e5 fr\u00e5n att studsa bort fr\u00e5n kedjorna n\u00e4r man tr\u00e4ffar korgen vilket g\u00f6r att den passar perfekt b\u00e5de d\u00e4rf\u00f6r f\u00f6r inspel mot korgen och puttar.<\/p>\n<p><strong>Plast<\/strong><br \/>\nInnovas XT -material \u00e4r marknadens b\u00e4sta n\u00e4r man letar efter plastkvalitet f\u00f6r v\u00e5ta f\u00f6rh\u00e5llanden. XT st\u00e5r f\u00f6r XTra Traction, vilket inneb\u00e4r att \u00f6verl\u00e4gset grepp har varit i fokus n\u00e4r man utarbetat har denna plastkvalitet. Trots sin l\u00e4tthet och fina grepp s\u00e5 har denna plast ocks\u00e5 visat sig t\u00e5la slitage v\u00e4ldigt bra.<br \/>\nDenna plast passar f\u00f6r spelare som uppskattar den traditionella k\u00e4nslan i discar. XT -plastens h\u00e5llbarhet \u00e4r klart b\u00e4ttre \u00e4n  DX -plasten.<\/p>\n<p><strong>M\u00e5tt<\/strong><br \/>\nDiameter: 21,3 cm<br \/>\nH\u00f6jd: 2,7 cm<br \/>\nRimdjup: 1,5 cm<br \/>\nRimbredd: 1,1 cm<\/p>\n","protected":false},"excerpt":{"rendered":"<p>2 \/ 3 \/ 0 \/ 0<\/p>\n<p>Putt &#038; Approach<\/p>\n","protected":false},"featured_media":6317,"template":"","meta":{"_exactmetrics_skip_tracking":false,"_exactmetrics_sitenote_active":false,"_exactmetrics_sitenote_note":"","_exactmetrics_sitenote_category":0},"product_cat":[16,39],"product_tag":[],"class_list":{"0":"post-6314","1":"product","2":"type-product","3":"status-publish","4":"has-post-thumbnail","6":"product_cat-discar","7":"product_cat-putter","9":"first","10":"instock","11":"taxable","12":"shipping-taxable","13":"purchasable","14":"product-type-variable"},"_links":{"self":[{"href":"https:\/\/par-anoid.fi\/sv\/wp-json\/wp\/v2\/product\/6314"}],"collection":[{"href":"https:\/\/par-anoid.fi\/sv\/wp-json\/wp\/v2\/product"}],"about":[{"href":"https:\/\/par-anoid.fi\/sv\/wp-json\/wp\/v2\/types\/product"}],"wp:featuredmedia":[{"embeddable":true,"href":"https:\/\/par-anoid.fi\/sv\/wp-json\/wp\/v2\/media\/6317"}],"wp:attachment":[{"href":"https:\/\/par-anoid.fi\/sv\/wp-json\/wp\/v2\/media?parent=6314"}],"wp:term":[{"taxonomy":"product_cat","embeddable":true,"href":"https:\/\/par-anoid.fi\/sv\/wp-json\/wp\/v2\/product_cat?post=6314"},{"taxonomy":"product_tag","embeddable":true,"href":"https:\/\/par-anoid.fi\/sv\/wp-json\/wp\/v2\/product_tag?post=6314"}],"curies":[{"name":"wp","href":"https:\/\/api.w.org\/{rel}","templated":true}]}}