{"id":6199,"date":"2021-07-31T13:38:13","date_gmt":"2021-07-31T10:38:13","guid":{"rendered":"https:\/\/par-anoid.fi\/?post_type=product&#038;p=6199"},"modified":"2022-03-12T14:56:58","modified_gmt":"2022-03-12T12:56:58","slug":"discmania-instinct-neo","status":"publish","type":"product","link":"https:\/\/par-anoid.fi\/sv\/produkt\/discmania-instinct-neo\/","title":{"rendered":"Discmania\u00a0Instinct Neo"},"content":{"rendered":"<p>Lita p\u00e5 din instinkt &#8211; ta en instinkt med i din v\u00e4ska och se hur ditt par-resultat vandrar ner under fryspunkten!<\/p>\n<p>Instinct \u00e4r det f\u00f6rsta barnet i Discmania Evolution-produktfamiljen. Det \u00e4r en fairwaydriver som erbjuder den perfekta balansen mellan kontroll och stabilitet. Det \u00e4r ett sant n\u00f6je att kasta den h\u00e4r discen, oavsett om du beh\u00f6ver en exakt och mjuk linje genom en smal passage eller en rak linje med maxl\u00e4ngd hela v\u00e4gen till korgen.<\/p>\n<p>Till Instincts b\u00e4sta egenskaper h\u00f6r dess otroliga f\u00f6rm\u00e5ga att tvekl\u00f6st glida fram i snabb hastighet. Den h\u00e4r discen kan du l\u00e4gga kraft efter utan att beh\u00f6va oroa dig f\u00f6r att den viker \u00f6ver och blir en roller. S\u00e4rskilt kastare med bra kastarm hittar i denna disc en flygbana som \u00e4r rakare och l\u00e4ngre \u00e4n n\u00e5gon annan av Dismanias fairwaydrivers.<\/p>\n<p><strong>Plast<\/strong><br \/>\nDiscmania Evolution line Neo plasten \u00e4r t\u00e5lig och l\u00e4tt genomskinlig. Den \u00e4r tillr\u00e4ckligt styv f\u00f6r att passa alla v\u00e4rmef\u00f6rh\u00e5llanden, men samtidigt s\u00e5 pass flexibel att den ger ett riktigt bra grepp! Discar gjorda i detta plast \u00e4r som en f\u00f6rl\u00e4ngning av din arm.<\/p>\n<p><strong>M\u00e5tt<\/strong><br \/>\nDiameter: 21,2 cm<br \/>\nH\u00f6jd: 1,9 cm<br \/>\nRimdjup: 1,1 cm<br \/>\nRimbredd: 1,8 cm<\/p>\n","protected":false},"excerpt":{"rendered":"<p>7 \/ 5 \/ 0 \/ 2<\/p>\n<p>Fairway Driver<\/p>\n","protected":false},"featured_media":3835,"template":"","meta":{"_exactmetrics_skip_tracking":false,"_exactmetrics_sitenote_active":false,"_exactmetrics_sitenote_note":"","_exactmetrics_sitenote_category":0},"product_cat":[16,38],"product_tag":[],"class_list":{"0":"post-6199","1":"product","2":"type-product","3":"status-publish","4":"has-post-thumbnail","6":"product_cat-discar","7":"product_cat-drivers","9":"first","10":"instock","11":"taxable","12":"shipping-taxable","13":"purchasable","14":"product-type-variable"},"_links":{"self":[{"href":"https:\/\/par-anoid.fi\/sv\/wp-json\/wp\/v2\/product\/6199"}],"collection":[{"href":"https:\/\/par-anoid.fi\/sv\/wp-json\/wp\/v2\/product"}],"about":[{"href":"https:\/\/par-anoid.fi\/sv\/wp-json\/wp\/v2\/types\/product"}],"wp:featuredmedia":[{"embeddable":true,"href":"https:\/\/par-anoid.fi\/sv\/wp-json\/wp\/v2\/media\/3835"}],"wp:attachment":[{"href":"https:\/\/par-anoid.fi\/sv\/wp-json\/wp\/v2\/media?parent=6199"}],"wp:term":[{"taxonomy":"product_cat","embeddable":true,"href":"https:\/\/par-anoid.fi\/sv\/wp-json\/wp\/v2\/product_cat?post=6199"},{"taxonomy":"product_tag","embeddable":true,"href":"https:\/\/par-anoid.fi\/sv\/wp-json\/wp\/v2\/product_tag?post=6199"}],"curies":[{"name":"wp","href":"https:\/\/api.w.org\/{rel}","templated":true}]}}