{"id":6070,"date":"2021-07-28T12:16:32","date_gmt":"2021-07-28T09:16:32","guid":{"rendered":"https:\/\/par-anoid.fi\/?post_type=product&#038;p=6070"},"modified":"2025-11-26T07:43:57","modified_gmt":"2025-11-26T05:43:57","slug":"latitude-64-diamond-opto-misprint","status":"publish","type":"product","link":"https:\/\/par-anoid.fi\/sv\/produkt\/latitude-64-diamond-opto-misprint\/","title":{"rendered":"Latitude 64 Diamond\u00a0Opto Misprint"},"content":{"rendered":"<p>Diamond \u00e4r en l\u00e4tt (145g-159g) understabil driver med bra glid. Ett utm\u00e4rkt val f\u00f6r nyb\u00f6rjare och yngre kastare.<\/p>\n<p><strong>Plast<\/strong><br \/>\nOpto-plasten \u00e4r Latitude 64:s mest h\u00e5llbara plast och av h\u00f6g kvalitet. Discar gjorda av denna plast beh\u00e5ller sina flygegenskaper l\u00e4ngre.<\/p>\n<p><strong>M\u00e5tt<\/strong><br \/>\nDiameter: 21,1 cm<br \/>\nH\u00f6jd: 1,4 cm<br \/>\nRimdjup: 1,1 cm<br \/>\nRimbredd:\u00a01,8 cm<\/p>\n<p><strong>Tillverkarens beskrivning<\/strong><br \/>\nDiamond is the choice of disc for beginners, children and players with moderate arm speed. It is only produced in weights between 145g-159g, which makes it easy to throw and control. It has an understable flight path with good glide and slight fade.<\/p>\n","protected":false},"excerpt":{"rendered":"<p>8 \/ 6 \/ -3 \/ 1<\/p>\n<p>Fairway Driver<\/p>\n","protected":false},"featured_media":6073,"template":"","meta":{"_exactmetrics_skip_tracking":false,"_exactmetrics_sitenote_active":false,"_exactmetrics_sitenote_note":"","_exactmetrics_sitenote_category":0},"product_cat":[16,38,472],"product_tag":[],"class_list":{"0":"post-6070","1":"product","2":"type-product","3":"status-publish","4":"has-post-thumbnail","6":"product_cat-discar","7":"product_cat-drivers","8":"product_cat-misprints","10":"first","11":"instock","12":"taxable","13":"shipping-taxable","14":"purchasable","15":"product-type-variable"},"_links":{"self":[{"href":"https:\/\/par-anoid.fi\/sv\/wp-json\/wp\/v2\/product\/6070"}],"collection":[{"href":"https:\/\/par-anoid.fi\/sv\/wp-json\/wp\/v2\/product"}],"about":[{"href":"https:\/\/par-anoid.fi\/sv\/wp-json\/wp\/v2\/types\/product"}],"wp:featuredmedia":[{"embeddable":true,"href":"https:\/\/par-anoid.fi\/sv\/wp-json\/wp\/v2\/media\/6073"}],"wp:attachment":[{"href":"https:\/\/par-anoid.fi\/sv\/wp-json\/wp\/v2\/media?parent=6070"}],"wp:term":[{"taxonomy":"product_cat","embeddable":true,"href":"https:\/\/par-anoid.fi\/sv\/wp-json\/wp\/v2\/product_cat?post=6070"},{"taxonomy":"product_tag","embeddable":true,"href":"https:\/\/par-anoid.fi\/sv\/wp-json\/wp\/v2\/product_tag?post=6070"}],"curies":[{"name":"wp","href":"https:\/\/api.w.org\/{rel}","templated":true}]}}