{"id":5997,"date":"2021-07-27T12:05:39","date_gmt":"2021-07-27T09:05:39","guid":{"rendered":"https:\/\/par-anoid.fi\/?post_type=product&#038;p=5997"},"modified":"2025-07-24T09:06:08","modified_gmt":"2025-07-24T06:06:08","slug":"westside-discs-tursas-vip","status":"publish","type":"product","link":"https:\/\/par-anoid.fi\/sv\/produkt\/westside-discs-tursas-vip\/","title":{"rendered":"Westside Discs Tursas VIP"},"content":{"rendered":"<p>Tursas \u00e4r en understabil och l\u00e4ttkastad midrange f\u00f6r spelare p\u00e5 alla niv\u00e5er.<\/p>\n<p><strong>Plast<\/strong><br \/>\nVIP-plasten \u00e4r en slitstark plastblandning av h\u00f6g kvalitet som b\u00e5de k\u00e4nns och ser bra ut. Vip-plasten beh\u00e5ller sina flygegenskaper under en l\u00e5ng tid.<\/p>\n<p><strong>M\u00e5tt<\/strong><br \/>\nDiameter: 21,7 cm<br \/>\nH\u00f6jd: 1,7 cm<br \/>\nRimdjup: 1,3 cm<br \/>\nRimbredd: 1,4 cm<\/p>\n<p><strong>Tillverkarens beskrivning<\/strong><br \/>\nThe Tursas is Westside\u2019s most controllable midrange disc. Designed with the everyday player in mind, the Tursas will make playing disc golf more fun. It should allow you to make a midrange anhyzer while you are learning to play. Great for ladies and kids as it has a shallower grip than most midranges available on the market. For professional players, it makes a great anhyzer midrange. For lower speed arms, it will glide straight for as long as it is in the air.<\/p>\n","protected":false},"excerpt":{"rendered":"<p>5 \/ 5 \/ -2 \/ 1<\/p>\n<p>Midrange<\/p>\n","protected":false},"featured_media":6000,"template":"","meta":{"_exactmetrics_skip_tracking":false,"_exactmetrics_sitenote_active":false,"_exactmetrics_sitenote_note":"","_exactmetrics_sitenote_category":0},"product_cat":[16,40],"product_tag":[],"class_list":{"0":"post-5997","1":"product","2":"type-product","3":"status-publish","4":"has-post-thumbnail","6":"product_cat-discar","7":"product_cat-midrange","9":"first","10":"instock","11":"taxable","12":"shipping-taxable","13":"purchasable","14":"product-type-variable"},"_links":{"self":[{"href":"https:\/\/par-anoid.fi\/sv\/wp-json\/wp\/v2\/product\/5997"}],"collection":[{"href":"https:\/\/par-anoid.fi\/sv\/wp-json\/wp\/v2\/product"}],"about":[{"href":"https:\/\/par-anoid.fi\/sv\/wp-json\/wp\/v2\/types\/product"}],"wp:featuredmedia":[{"embeddable":true,"href":"https:\/\/par-anoid.fi\/sv\/wp-json\/wp\/v2\/media\/6000"}],"wp:attachment":[{"href":"https:\/\/par-anoid.fi\/sv\/wp-json\/wp\/v2\/media?parent=5997"}],"wp:term":[{"taxonomy":"product_cat","embeddable":true,"href":"https:\/\/par-anoid.fi\/sv\/wp-json\/wp\/v2\/product_cat?post=5997"},{"taxonomy":"product_tag","embeddable":true,"href":"https:\/\/par-anoid.fi\/sv\/wp-json\/wp\/v2\/product_tag?post=5997"}],"curies":[{"name":"wp","href":"https:\/\/api.w.org\/{rel}","templated":true}]}}