{"id":5855,"date":"2021-07-01T07:46:47","date_gmt":"2021-07-01T04:46:47","guid":{"rendered":"https:\/\/par-anoid.fi\/?post_type=product&#038;p=5855"},"modified":"2021-09-21T20:04:26","modified_gmt":"2021-09-21T17:04:26","slug":"latitude-64-trust-royal-grand-first-run","status":"publish","type":"product","link":"https:\/\/par-anoid.fi\/sv\/produkt\/latitude-64-trust-royal-grand-first-run\/","title":{"rendered":"Latitude 64 Trust Royal Grand First Run"},"content":{"rendered":"<p>Trust \u00e4r en stabil midrange disc som flyger rakt n\u00e4r den kastas med st\u00f6rre kraft. Vid l\u00e4gre kasthastighet kommer den att ge en p\u00e5litlig slutfade. Trust har ingen bead nertill vilket g\u00f6r att den passar utm\u00e4rkt flr b\u00e5de fore och backhandkast.<\/p>\n<p><strong>Plast<\/strong><br \/>\nGrandplasten \u00e4r Royal seriens h\u00e5llbara premiumplast. Den k\u00e4nns mjuk och behaglig och har en perfekt flexibilitet.<\/p>\n<p><strong>M\u00e5tt<\/strong><br \/>\nDiameter: 21,7 cm<br \/>\nH\u00f6jd: 1,9 cm<br \/>\nRimdjup: 1,3 cm\u00a0<br \/>\nRimbredd:\u00a01,3 cm<\/p>\n<p><strong>Tillverkarens beskrivning<\/strong><br \/>\nTrust \u2013 you cannot have a healthy relationship with your disc without it. This midrange workhorse is a stable, straight-shooter when thrown with some power. For slower shots it has that dependable gliding fade. The beadless smooth rim makes the Trust a weapon for both backhand and forehand shots.<\/p>\n<p>Grand\u00a0is the durable premium plastic in our Royal Line. Grand has great grip that will not fail you, no matter the outside circumstances. It features a soft feel and a rigid rim with perfect flex.\u00a0<\/p>\n<p>The Latitude 64\u00b0 Royal Line takes disc golf quality one step further with the innovative\u00a0NexEdge\u00a0and\u00a0NexFeel\u00a0technologies. The days of sharp flashing are gone as the NexEdge process provides a buttery smooth feel to the bottom and outer parts of the rim. NexFeel is our new polishing technology enhancing the grip and feel of the whole disc surface.<\/p>\n","protected":false},"excerpt":{"rendered":"<p>5 \/ 5 \/ 0 \/ 2<\/p>\n<p>Midrange<\/p>\n","protected":false},"featured_media":5858,"template":"","meta":{"_exactmetrics_skip_tracking":false,"_exactmetrics_sitenote_active":false,"_exactmetrics_sitenote_note":"","_exactmetrics_sitenote_category":0},"product_cat":[16,40],"product_tag":[],"class_list":{"0":"post-5855","1":"product","2":"type-product","3":"status-publish","4":"has-post-thumbnail","6":"product_cat-discar","7":"product_cat-midrange","9":"first","10":"instock","11":"taxable","12":"shipping-taxable","13":"purchasable","14":"product-type-variable"},"_links":{"self":[{"href":"https:\/\/par-anoid.fi\/sv\/wp-json\/wp\/v2\/product\/5855"}],"collection":[{"href":"https:\/\/par-anoid.fi\/sv\/wp-json\/wp\/v2\/product"}],"about":[{"href":"https:\/\/par-anoid.fi\/sv\/wp-json\/wp\/v2\/types\/product"}],"wp:featuredmedia":[{"embeddable":true,"href":"https:\/\/par-anoid.fi\/sv\/wp-json\/wp\/v2\/media\/5858"}],"wp:attachment":[{"href":"https:\/\/par-anoid.fi\/sv\/wp-json\/wp\/v2\/media?parent=5855"}],"wp:term":[{"taxonomy":"product_cat","embeddable":true,"href":"https:\/\/par-anoid.fi\/sv\/wp-json\/wp\/v2\/product_cat?post=5855"},{"taxonomy":"product_tag","embeddable":true,"href":"https:\/\/par-anoid.fi\/sv\/wp-json\/wp\/v2\/product_tag?post=5855"}],"curies":[{"name":"wp","href":"https:\/\/api.w.org\/{rel}","templated":true}]}}