{"id":5760,"date":"2021-06-24T08:55:22","date_gmt":"2021-06-24T05:55:22","guid":{"rendered":"https:\/\/par-anoid.fi\/?post_type=product&#038;p=5760"},"modified":"2025-11-26T07:45:48","modified_gmt":"2025-11-26T05:45:48","slug":"dynamic-discs-sergeant-paige-shue-lucid-x-glimmer-v1-2021","status":"publish","type":"product","link":"https:\/\/par-anoid.fi\/sv\/produkt\/dynamic-discs-sergeant-paige-shue-lucid-x-glimmer-v1-2021\/","title":{"rendered":"Dynamic Discs Sergeant Paige Shue Lucid-X Glimmer (v1 2021)"},"content":{"rendered":"<p>Sergeant \u00e4r en stabil hybrid-driver, som i sina egenskaper \u00e4r som en snabbare Getaway eller en l\u00e5ngsammare Raider.<\/p>\n<p><strong>Plast<\/strong><br \/>\nLucid-X \u00e4r en stelare plastblandning som \u00e4ven ger discarna en aning mera \u00f6verstabil flyglinje.<\/p>\n<p><strong>M\u00e5tt<\/strong><br \/>\nDiameter: 21,1 cm<br \/>\nH\u00f6jd: 1,7 cm<br \/>\nRimdjup: 1,2 cm<br \/>\nRimbredd: 2,1 cm<\/p>\n<p><strong>Tillverkarens beskrivning<\/strong><br \/>\nThe Sergeant is an excellent hybrid-style distance driver &#8211; like a faster Getaway or a slower Raider. It\u2019s perfect for those shots that a fairway just won\u2019t reach but you don\u2019t want to power down on a distance driver. The Sergeant forms a bridge between fairway drivers and distance drivers with a comfortable rim for both backhands and forehands and enough stability to work out of a turn, but not so much that it will always dive left at the finish. Pick up a Sergeant and experience full command of your drives!<\/p>\n","protected":false},"excerpt":{"rendered":"<p>11 \/ 4 \/ 0 \/ 2,5<\/p>\n<p>Distance Driver<\/p>\n","protected":false},"featured_media":5761,"template":"","meta":{"_exactmetrics_skip_tracking":false,"_exactmetrics_sitenote_active":false,"_exactmetrics_sitenote_note":"","_exactmetrics_sitenote_category":0},"product_cat":[16,38],"product_tag":[],"class_list":{"0":"post-5760","1":"product","2":"type-product","3":"status-publish","4":"has-post-thumbnail","6":"product_cat-discar","7":"product_cat-drivers","9":"first","10":"instock","11":"taxable","12":"shipping-taxable","13":"purchasable","14":"product-type-variable","15":"has-default-attributes"},"_links":{"self":[{"href":"https:\/\/par-anoid.fi\/sv\/wp-json\/wp\/v2\/product\/5760"}],"collection":[{"href":"https:\/\/par-anoid.fi\/sv\/wp-json\/wp\/v2\/product"}],"about":[{"href":"https:\/\/par-anoid.fi\/sv\/wp-json\/wp\/v2\/types\/product"}],"wp:featuredmedia":[{"embeddable":true,"href":"https:\/\/par-anoid.fi\/sv\/wp-json\/wp\/v2\/media\/5761"}],"wp:attachment":[{"href":"https:\/\/par-anoid.fi\/sv\/wp-json\/wp\/v2\/media?parent=5760"}],"wp:term":[{"taxonomy":"product_cat","embeddable":true,"href":"https:\/\/par-anoid.fi\/sv\/wp-json\/wp\/v2\/product_cat?post=5760"},{"taxonomy":"product_tag","embeddable":true,"href":"https:\/\/par-anoid.fi\/sv\/wp-json\/wp\/v2\/product_tag?post=5760"}],"curies":[{"name":"wp","href":"https:\/\/api.w.org\/{rel}","templated":true}]}}