{"id":5392,"date":"2021-06-05T11:16:54","date_gmt":"2021-06-05T08:16:54","guid":{"rendered":"https:\/\/par-anoid.fi\/?post_type=product&#038;p=5392"},"modified":"2021-10-02T19:31:53","modified_gmt":"2021-10-02T16:31:53","slug":"discmania-magician-active","status":"publish","type":"product","link":"https:\/\/par-anoid.fi\/sv\/produkt\/discmania-magician-active\/","title":{"rendered":"Discmania Magician Active"},"content":{"rendered":"<p>Magician \u00e4r Discmania Active-seriens stabila fairwaydriver som ger en tillf\u00f6rlitlig flyglinje i n\u00e4stan alla f\u00f6rh\u00e5llanden. Flyglinjen f\u00f6r denna disc \u00e4r rak tills en p\u00e5litlig slutfade placerar discen under korgen. Den h\u00e4r discen flippar inte \u00f6ver ens vid h\u00f6ga hastigheter, s\u00e5 du kan lita p\u00e5 dess egenskaper g\u00e5ng p\u00e5 g\u00e5ng. Tack vare sin stabilitet \u00e4r Magician ocks\u00e5 v\u00e4l l\u00e4mpad f\u00f6r forehandkast. Denna disc har tidigare s\u00e5lts under namnet Fox Spirit. Det \u00e4r samma disc trots olika stamp och namn.<\/p>\n<p><strong>Plast<\/strong><br \/>\nBasplasten i Active-linjen erbjuder den perfekta balansen mellan ett tillf\u00f6rlitligt grepp och strukturell styvhet, vilket g\u00f6r att denna plastkvalitet k\u00e4nns naturlig i handen, \u00e4ven om temperaturen varierar. Denna kvalitet av plast slits ocks\u00e5 l\u00e4ttare vilket \u00e4ndrar discens flygbana och \u00e4r p\u00e5 s\u00e5 s\u00e4tt mera m\u00e5ngsidig. Utm\u00e4rkt v\u00e4rde f\u00f6r pengarna!<\/p>\n<p><strong>M\u00e5tt<\/strong><br \/>\nDiameter: 21,0 cm<br \/>\nH\u00f6jd: 1,5 cm<br \/>\nRimdjup: 1,1 cm<br \/>\nRimbredd: 1,6 cm<\/p>\n","protected":false},"excerpt":{"rendered":"<p>6 \/ 4 \/ 0 \/ 2<\/p>\n<p>Fairway Driver<\/p>\n","protected":false},"featured_media":5395,"template":"","meta":{"_exactmetrics_skip_tracking":false,"_exactmetrics_sitenote_active":false,"_exactmetrics_sitenote_note":"","_exactmetrics_sitenote_category":0},"product_cat":[16,38],"product_tag":[],"class_list":{"0":"post-5392","1":"product","2":"type-product","3":"status-publish","4":"has-post-thumbnail","6":"product_cat-discar","7":"product_cat-drivers","9":"first","10":"instock","11":"taxable","12":"shipping-taxable","13":"purchasable","14":"product-type-variable"},"_links":{"self":[{"href":"https:\/\/par-anoid.fi\/sv\/wp-json\/wp\/v2\/product\/5392"}],"collection":[{"href":"https:\/\/par-anoid.fi\/sv\/wp-json\/wp\/v2\/product"}],"about":[{"href":"https:\/\/par-anoid.fi\/sv\/wp-json\/wp\/v2\/types\/product"}],"wp:featuredmedia":[{"embeddable":true,"href":"https:\/\/par-anoid.fi\/sv\/wp-json\/wp\/v2\/media\/5395"}],"wp:attachment":[{"href":"https:\/\/par-anoid.fi\/sv\/wp-json\/wp\/v2\/media?parent=5392"}],"wp:term":[{"taxonomy":"product_cat","embeddable":true,"href":"https:\/\/par-anoid.fi\/sv\/wp-json\/wp\/v2\/product_cat?post=5392"},{"taxonomy":"product_tag","embeddable":true,"href":"https:\/\/par-anoid.fi\/sv\/wp-json\/wp\/v2\/product_tag?post=5392"}],"curies":[{"name":"wp","href":"https:\/\/api.w.org\/{rel}","templated":true}]}}