{"id":527,"date":"2018-04-14T15:10:48","date_gmt":"2018-04-14T12:10:48","guid":{"rendered":"http:\/\/dev.par-anoid.fi\/wp\/?post_type=product&#038;p=527"},"modified":"2025-06-10T07:19:34","modified_gmt":"2025-06-10T04:19:34","slug":"viking-discs-ragnarok-storm","status":"publish","type":"product","link":"https:\/\/par-anoid.fi\/sv\/produkt\/viking-discs-ragnarok-storm\/","title":{"rendered":"Viking Discs Ragnarok Storm"},"content":{"rendered":"<p>L\u00e5nga kast som f\u00f6rst viker av f\u00f6r att sedan komma tillbaks p\u00e5 slutet \u00e4r sk\u00f6na att titta p\u00e5! M\u00e5nga spelare har av denna disc f\u00e5tt ett m\u00e5ngsidigt redskap f\u00f6r olika situationer. Denna disc passar \u00e4ven nyb\u00f6rjare f\u00f6r att f\u00e5 till l\u00e5nga kast. Ragnarok \u00e4r en driver med bred kant s\u00e5 att du f\u00e5r ett bra grepp. Ett utm\u00e4rkt val som din f\u00f6rsta snabba disc!<\/p>\n<p><strong>Plast<\/strong><br \/>\nN\u00e4r du v\u00e4ljer en disc med plasttypen Storm f\u00e5r du en h\u00e5rd och h\u00e5llbar disc som kommer att h\u00e5lla sina flygegenskaper l\u00e4nge. Alla Storm discar har en klar och genomskinlig yta. Denna plast h\u00e5ller bra \u00e4ven p\u00e5 skogsbanor.<\/p>\n<p><strong>M\u00e5tt<\/strong><br \/>\nDiameter: 21,2 cm<br \/>\nH\u00f6jd: 2,1 cm<br \/>\nRimdjup: 1,1 cm<br \/>\nRimbredd: 2,1 cm<\/p>\n<p><strong>Tillverkarens beskrivning<\/strong><br \/>\nRagnarok is designed for long control drives when you really need tight s-curves and finishing fades. Most players will find Ragnarok very useful in different kinds of situations. By changing your releasing angle, you can shape the s-curve in any creative way you can imagine. Ragnarok can be used for maximum distance from beginners up to advanced players. Even for a fast driver, the rim size is comfortable and easy to grip. Suitable as a first distance driver.<\/p>\n","protected":false},"excerpt":{"rendered":"<p>11 \/ 5 \/ -1 \/ 2<\/p>\n<p>Distance Driver<\/p>\n","protected":false},"featured_media":5943,"template":"","meta":{"_exactmetrics_skip_tracking":false,"_exactmetrics_sitenote_active":false,"_exactmetrics_sitenote_note":"","_exactmetrics_sitenote_category":0},"product_cat":[16,38],"product_tag":[],"class_list":{"0":"post-527","1":"product","2":"type-product","3":"status-publish","4":"has-post-thumbnail","6":"product_cat-discar","7":"product_cat-drivers","9":"first","10":"outofstock","11":"taxable","12":"shipping-taxable","13":"product-type-variable"},"_links":{"self":[{"href":"https:\/\/par-anoid.fi\/sv\/wp-json\/wp\/v2\/product\/527"}],"collection":[{"href":"https:\/\/par-anoid.fi\/sv\/wp-json\/wp\/v2\/product"}],"about":[{"href":"https:\/\/par-anoid.fi\/sv\/wp-json\/wp\/v2\/types\/product"}],"wp:featuredmedia":[{"embeddable":true,"href":"https:\/\/par-anoid.fi\/sv\/wp-json\/wp\/v2\/media\/5943"}],"wp:attachment":[{"href":"https:\/\/par-anoid.fi\/sv\/wp-json\/wp\/v2\/media?parent=527"}],"wp:term":[{"taxonomy":"product_cat","embeddable":true,"href":"https:\/\/par-anoid.fi\/sv\/wp-json\/wp\/v2\/product_cat?post=527"},{"taxonomy":"product_tag","embeddable":true,"href":"https:\/\/par-anoid.fi\/sv\/wp-json\/wp\/v2\/product_tag?post=527"}],"curies":[{"name":"wp","href":"https:\/\/api.w.org\/{rel}","templated":true}]}}