{"id":5062,"date":"2021-03-20T11:57:57","date_gmt":"2021-03-20T09:57:57","guid":{"rendered":"https:\/\/par-anoid.fi\/?post_type=product&#038;p=5062"},"modified":"2024-12-19T10:10:06","modified_gmt":"2024-12-19T08:10:06","slug":"latitude-64-jade-opto","status":"publish","type":"product","link":"https:\/\/par-anoid.fi\/sv\/produkt\/latitude-64-jade-opto\/","title":{"rendered":"Latitude 64 Jade\u00a0Opto"},"content":{"rendered":"<p>Jade \u00e4r en l\u00e4ttkastad fairwaydriver som passar f\u00f6r spelare i alla \u00e5ldrar. Om du vill ha en mera stabilitet och n\u00e5gra meter till i dina kast j\u00e4mf\u00f6rt med Latitudes Diamond, d\u00e5 \u00e4r detta discen f\u00f6r dig!<\/p>\n<p><strong>Plast<\/strong><br \/>\nOpto-plasten \u00e4r Latitude 64:s mest h\u00e5llbara plast och av h\u00f6g kvalitet. Discar gjorda av denna plast beh\u00e5ller sina flygegenskaper l\u00e4ngre.<\/p>\n<p><strong>M\u00e5tt<\/strong><br \/>\nDiameter: 21,0 cm<br \/>\nH\u00f6jd: 1,8 cm<br \/>\nRimdjup: 1,1 cm\u00a0<br \/>\nRimbredd:\u00a01,9 cm<\/p>\n<p><strong>Tillverkarens beskrivning<\/strong><br \/>\nThe Jade is designed to be a little more stable for players who loved the Diamond, but as their game developed needed a disc that could handle a bit more speed. It sits very comfortably in the hand, with a good tactile feel to the plastic and it holds the angles well. You CAN turn it over but unless you really force it, it fades back at the end. A very nice, reliable, and moderately stable disc.<\/p>\n","protected":false},"excerpt":{"rendered":"<div data-pm-slice=\"1 1 []\" data-en-clipboard=\"true\">9 \/ 6 \/ -2 \/ 1<\/div>\n<div><\/div>\n<div>Fairway driver<\/div>\n","protected":false},"featured_media":5065,"template":"","meta":{"_exactmetrics_skip_tracking":false,"_exactmetrics_sitenote_active":false,"_exactmetrics_sitenote_note":"","_exactmetrics_sitenote_category":0},"product_cat":[16,38],"product_tag":[],"class_list":{"0":"post-5062","1":"product","2":"type-product","3":"status-publish","4":"has-post-thumbnail","6":"product_cat-discar","7":"product_cat-drivers","9":"first","10":"instock","11":"taxable","12":"shipping-taxable","13":"purchasable","14":"product-type-variable"},"_links":{"self":[{"href":"https:\/\/par-anoid.fi\/sv\/wp-json\/wp\/v2\/product\/5062"}],"collection":[{"href":"https:\/\/par-anoid.fi\/sv\/wp-json\/wp\/v2\/product"}],"about":[{"href":"https:\/\/par-anoid.fi\/sv\/wp-json\/wp\/v2\/types\/product"}],"wp:featuredmedia":[{"embeddable":true,"href":"https:\/\/par-anoid.fi\/sv\/wp-json\/wp\/v2\/media\/5065"}],"wp:attachment":[{"href":"https:\/\/par-anoid.fi\/sv\/wp-json\/wp\/v2\/media?parent=5062"}],"wp:term":[{"taxonomy":"product_cat","embeddable":true,"href":"https:\/\/par-anoid.fi\/sv\/wp-json\/wp\/v2\/product_cat?post=5062"},{"taxonomy":"product_tag","embeddable":true,"href":"https:\/\/par-anoid.fi\/sv\/wp-json\/wp\/v2\/product_tag?post=5062"}],"curies":[{"name":"wp","href":"https:\/\/api.w.org\/{rel}","templated":true}]}}