{"id":4884,"date":"2021-03-07T14:12:57","date_gmt":"2021-03-07T12:12:57","guid":{"rendered":"https:\/\/par-anoid.fi\/?post_type=product&#038;p=4884"},"modified":"2021-10-05T18:11:59","modified_gmt":"2021-10-05T15:11:59","slug":"dynamic-discs-trespass-lucid","status":"publish","type":"product","link":"https:\/\/par-anoid.fi\/sv\/produkt\/dynamic-discs-trespass-lucid\/","title":{"rendered":"Dynamic Discs Trespass Lucid"},"content":{"rendered":"<div data-pm-slice=\"1 1 []\" data-en-clipboard=\"true\">Trespass \u00e4r en snabb, \u00f6verstabil distance driver med bred rim. I sin flygbana \u00e4r den v\u00e4ldigt neutral. Trespass \u00e4r en verkligt popul\u00e4r driver och \u00e4r en av de mest l\u00e4ttkastade i sin klass.<\/div>\n<div><\/div>\n<div><b>Plast<\/b><\/div>\n<div>Lucid-plasten \u00e4r av h\u00f6g kvalitet och h\u00e5llbar. Discar gjorda av denna plast beh\u00e5ller sina flygegenskaper under en l\u00e5ng tid.<\/div>\n<div><\/div>\n<div><b>M\u00e5tt<\/b><\/div>\n<div>Diameter: 21,1 cm<\/div>\n<div>H\u00f6jd: 1,9 cm<\/div>\n<div>Rimdjup: 1,1 cm<\/div>\n<div>Rimbredd: 2,1 cm<\/div>\n<div><\/div>\n<div><b>Tillverkarens beskrivning<\/b><\/div>\n<div>The Trespass is the high-speed driver for the masses. It is very neutral in its flight, not being too stable or flipping over. The wide rim is able to take all the power that you can throw at it and just keep gliding to new distances. The Trespass will allow you to break through all obstacles and explore new territory in your distance drives.<\/div>\n","protected":false},"excerpt":{"rendered":"<div data-pm-slice=\"1 1 []\" data-en-clipboard=\"true\">12 \/ 5 \/ -0,5 \/ 3<\/div>\n<div><\/div>\n<div>Distance Driver<\/div>\n","protected":false},"featured_media":4885,"template":"","meta":{"_exactmetrics_skip_tracking":false,"_exactmetrics_sitenote_active":false,"_exactmetrics_sitenote_note":"","_exactmetrics_sitenote_category":0},"product_cat":[16,38],"product_tag":[],"class_list":{"0":"post-4884","1":"product","2":"type-product","3":"status-publish","4":"has-post-thumbnail","6":"product_cat-discar","7":"product_cat-drivers","9":"first","10":"instock","11":"taxable","12":"shipping-taxable","13":"purchasable","14":"product-type-variable"},"_links":{"self":[{"href":"https:\/\/par-anoid.fi\/sv\/wp-json\/wp\/v2\/product\/4884"}],"collection":[{"href":"https:\/\/par-anoid.fi\/sv\/wp-json\/wp\/v2\/product"}],"about":[{"href":"https:\/\/par-anoid.fi\/sv\/wp-json\/wp\/v2\/types\/product"}],"wp:featuredmedia":[{"embeddable":true,"href":"https:\/\/par-anoid.fi\/sv\/wp-json\/wp\/v2\/media\/4885"}],"wp:attachment":[{"href":"https:\/\/par-anoid.fi\/sv\/wp-json\/wp\/v2\/media?parent=4884"}],"wp:term":[{"taxonomy":"product_cat","embeddable":true,"href":"https:\/\/par-anoid.fi\/sv\/wp-json\/wp\/v2\/product_cat?post=4884"},{"taxonomy":"product_tag","embeddable":true,"href":"https:\/\/par-anoid.fi\/sv\/wp-json\/wp\/v2\/product_tag?post=4884"}],"curies":[{"name":"wp","href":"https:\/\/api.w.org\/{rel}","templated":true}]}}