{"id":4319,"date":"2020-11-09T08:01:39","date_gmt":"2020-11-09T06:01:39","guid":{"rendered":"https:\/\/par-anoid.fi\/?post_type=product&#038;p=4319"},"modified":"2021-08-10T19:33:48","modified_gmt":"2021-08-10T16:33:48","slug":"innova-rhynox-dx","status":"publish","type":"product","link":"https:\/\/par-anoid.fi\/sv\/produkt\/innova-rhynox-dx\/","title":{"rendered":"Innova RhynoX DX"},"content":{"rendered":"<p>RhynoX \u00e4r en mer stabil version av den klassiska discen Rhyno. Med den h\u00e4r discen kan du putta och kasta approachkast p\u00e5 ett s\u00e4kert s\u00e4tt \u00e4ven vid bl\u00e5sigare f\u00f6rh\u00e5llanden\u00a0 K\u00e4nslan p\u00e5minner om en traditionell Rhyno, men rimets nedre kant \u00e4r lite mer midrangeliknande. Rhynos k\u00e4nda &#8220;Thumbtrack&#8221; finns \u00e4ven i den h\u00e4r versionen.<\/p>\n<p><strong>Plast<\/strong><br \/>\nDX-serien erbjuder det bredaste utbudet av olika modeller. Discarna i linjen \u00e4r billiga och erbjuder ett bra grepp i alla v\u00e4der. Plasten slits gradvis vilket ger discarna nya flygegenskaper efter hand. Denna plast utvecklades redan p\u00e5 80-talet.<\/p>\n<p><strong>M\u00e5tt<\/strong><br \/>\nDiameter: 21,2 cm<br \/>\nH\u00f6jd: 2,0 cm<br \/>\nRimdjup: 1,3 cm<br \/>\nRimbredd: 1,0 cm<\/p>\n","protected":false},"excerpt":{"rendered":"<p>2 \/ 1 \/ 0 \/ 4<\/p>\n<p>Putt &#038; Approach<\/p>\n","protected":false},"featured_media":4326,"template":"","meta":{"_exactmetrics_skip_tracking":false,"_exactmetrics_sitenote_active":false,"_exactmetrics_sitenote_note":"","_exactmetrics_sitenote_category":0},"product_cat":[16,39],"product_tag":[],"class_list":{"0":"post-4319","1":"product","2":"type-product","3":"status-publish","4":"has-post-thumbnail","6":"product_cat-discar","7":"product_cat-putter","9":"first","10":"outofstock","11":"taxable","12":"shipping-taxable","13":"purchasable","14":"product-type-variable"},"_links":{"self":[{"href":"https:\/\/par-anoid.fi\/sv\/wp-json\/wp\/v2\/product\/4319"}],"collection":[{"href":"https:\/\/par-anoid.fi\/sv\/wp-json\/wp\/v2\/product"}],"about":[{"href":"https:\/\/par-anoid.fi\/sv\/wp-json\/wp\/v2\/types\/product"}],"wp:featuredmedia":[{"embeddable":true,"href":"https:\/\/par-anoid.fi\/sv\/wp-json\/wp\/v2\/media\/4326"}],"wp:attachment":[{"href":"https:\/\/par-anoid.fi\/sv\/wp-json\/wp\/v2\/media?parent=4319"}],"wp:term":[{"taxonomy":"product_cat","embeddable":true,"href":"https:\/\/par-anoid.fi\/sv\/wp-json\/wp\/v2\/product_cat?post=4319"},{"taxonomy":"product_tag","embeddable":true,"href":"https:\/\/par-anoid.fi\/sv\/wp-json\/wp\/v2\/product_tag?post=4319"}],"curies":[{"name":"wp","href":"https:\/\/api.w.org\/{rel}","templated":true}]}}