{"id":4242,"date":"2020-10-31T14:00:54","date_gmt":"2020-10-31T12:00:54","guid":{"rendered":"https:\/\/par-anoid.fi\/?post_type=product&#038;p=4242"},"modified":"2022-03-12T13:54:23","modified_gmt":"2022-03-12T11:54:23","slug":"kastaplast-kaxe-k1soft","status":"publish","type":"product","link":"https:\/\/par-anoid.fi\/sv\/produkt\/kastaplast-kaxe-k1soft\/","title":{"rendered":"Kastaplast Kaxe K1 Soft"},"content":{"rendered":"<p>Kaxe \u00e4r en midrange som \u00e4ven fungerar bra som en l\u00e5ngsam fairwaydriver. Dess f\u00f6ruts\u00e4gbara flygbana har f\u00e5tt stor uppskattning. En bra all-round disc som har blivit m\u00e5nga spelares nya favorit.<\/p>\n<p><strong>Plast<\/strong><br \/>\nK1 Soft-linjens plast p\u00e5minner om K1 men \u00e4r mera flexibel och har b\u00e4ttre grip.<\/p>\n<p><strong>M\u00e5tt<\/strong><br \/>\nDiameter: 21,0 cm<br \/>\nH\u00f6jd: 1,9 cm<br \/>\nRimdjup: 1,3 cm<br \/>\nRimbredd: 1,5 cm<\/p>\n<p><strong>Tillverkarens beskrivning<\/strong><br \/>\nThis disc is appreciated for its predictable flight and will come in handy in numerous situations on the course. Due to its slim proportions and decent stability, Kaxe handles wind well without being very overstable. A true multi-purpose disc which has become many players new favourite workhorse control disc.<\/p>\n<p>Kaxe is an old Swedish word, meaning a stuck-up person.<\/p>\n<p>Kaxe in traditional flight specs: Speed 6, glide 4, turn 0, fade 3.<\/p>\n","protected":false},"excerpt":{"rendered":"<p>6 \/ 4 \/ 0 \/ 3<\/p>\n<p>Midrange<\/p>\n","protected":false},"featured_media":4258,"template":"","meta":{"_exactmetrics_skip_tracking":false,"_exactmetrics_sitenote_active":false,"_exactmetrics_sitenote_note":"","_exactmetrics_sitenote_category":0},"product_cat":[16,40],"product_tag":[],"class_list":{"0":"post-4242","1":"product","2":"type-product","3":"status-publish","4":"has-post-thumbnail","6":"product_cat-discar","7":"product_cat-midrange","9":"first","10":"instock","11":"taxable","12":"shipping-taxable","13":"purchasable","14":"product-type-variable"},"_links":{"self":[{"href":"https:\/\/par-anoid.fi\/sv\/wp-json\/wp\/v2\/product\/4242"}],"collection":[{"href":"https:\/\/par-anoid.fi\/sv\/wp-json\/wp\/v2\/product"}],"about":[{"href":"https:\/\/par-anoid.fi\/sv\/wp-json\/wp\/v2\/types\/product"}],"wp:featuredmedia":[{"embeddable":true,"href":"https:\/\/par-anoid.fi\/sv\/wp-json\/wp\/v2\/media\/4258"}],"wp:attachment":[{"href":"https:\/\/par-anoid.fi\/sv\/wp-json\/wp\/v2\/media?parent=4242"}],"wp:term":[{"taxonomy":"product_cat","embeddable":true,"href":"https:\/\/par-anoid.fi\/sv\/wp-json\/wp\/v2\/product_cat?post=4242"},{"taxonomy":"product_tag","embeddable":true,"href":"https:\/\/par-anoid.fi\/sv\/wp-json\/wp\/v2\/product_tag?post=4242"}],"curies":[{"name":"wp","href":"https:\/\/api.w.org\/{rel}","templated":true}]}}