{"id":3958,"date":"2020-09-22T00:01:45","date_gmt":"2020-09-21T21:01:45","guid":{"rendered":"https:\/\/par-anoid.fi\/?post_type=product&#038;p=3958"},"modified":"2025-07-24T08:55:10","modified_gmt":"2025-07-24T05:55:10","slug":"discmania-origin-neo","status":"publish","type":"product","link":"https:\/\/par-anoid.fi\/sv\/produkt\/discmania-origin-neo\/","title":{"rendered":"Discmania Origin Neo"},"content":{"rendered":"<p>Denna midrange har mycket att erbjuda f\u00f6r spelare p\u00e5 alla niv\u00e5er! Ursprunget till produktfamiljen Origin som \u00e4r en del av &#8220;Discmanias Evolution familj&#8221; har en enorm l\u00e4ngdpotential f\u00f6r sin hastighetsklass och har en diameter som \u00e4r sn\u00e4ppet mindre \u00e4n  traditionella midrangers. Vid en h\u00f6g hastighet flippar den kontrollerat \u00f6ver i en understabil flyglinje. Denna midrange \u00e4r det perfekta precisionsverktyget f\u00f6r smala farleder, och raka hyzerflip-kast. Ergonomisk design och l\u00e5g profil garanterar att denna disc passar i alla h\u00e4nder. Origin skulle kunna liknas vid  Discmanias enormt popul\u00e4ra fairwaydriver &#8220;Essence&#8221; men i  midrange-form. Du kommer att st\u00e5 med f\u00f6rv\u00e5ningens finger i h\u00e4pnadens mun \u00f6ver hur l\u00e5ngt denna disc flyger i f\u00f6rh\u00e5llande till sitt flygnummer!<\/p>\n<p><strong>Plast<\/strong><br \/>\nDiscmania Evolution line Neo plasten \u00e4r t\u00e5lig och l\u00e4tt genomskinlig. Den \u00e4r tillr\u00e4ckligt styv f\u00f6r att passa alla v\u00e4rmef\u00f6rh\u00e5llanden, men samtidigt s\u00e5 pass flexibel att den ger ett riktigt bra grepp! Discar gjorda i detta plast \u00e4r som en f\u00f6rl\u00e4ngning av din arm.<\/p>\n<p><strong>M\u00e5tt<\/strong><br \/>\nDiameter: 21,4 cm<br \/>\nH\u00f6jd: 1,6 cm<br \/>\nRimdjup: 1,2 cm<br \/>\nRimbredd: 1,3 cm<\/p>\n","protected":false},"excerpt":{"rendered":"<p>5 \/ 5 \/ -1 \/ 1<\/p>\n<p>Midrange<\/p>\n","protected":false},"featured_media":3964,"template":"","meta":{"_exactmetrics_skip_tracking":false,"_exactmetrics_sitenote_active":false,"_exactmetrics_sitenote_note":"","_exactmetrics_sitenote_category":0},"product_cat":[16,40],"product_tag":[],"class_list":{"0":"post-3958","1":"product","2":"type-product","3":"status-publish","4":"has-post-thumbnail","6":"product_cat-discar","7":"product_cat-midrange","9":"first","10":"instock","11":"taxable","12":"shipping-taxable","13":"purchasable","14":"product-type-variable"},"_links":{"self":[{"href":"https:\/\/par-anoid.fi\/sv\/wp-json\/wp\/v2\/product\/3958"}],"collection":[{"href":"https:\/\/par-anoid.fi\/sv\/wp-json\/wp\/v2\/product"}],"about":[{"href":"https:\/\/par-anoid.fi\/sv\/wp-json\/wp\/v2\/types\/product"}],"wp:featuredmedia":[{"embeddable":true,"href":"https:\/\/par-anoid.fi\/sv\/wp-json\/wp\/v2\/media\/3964"}],"wp:attachment":[{"href":"https:\/\/par-anoid.fi\/sv\/wp-json\/wp\/v2\/media?parent=3958"}],"wp:term":[{"taxonomy":"product_cat","embeddable":true,"href":"https:\/\/par-anoid.fi\/sv\/wp-json\/wp\/v2\/product_cat?post=3958"},{"taxonomy":"product_tag","embeddable":true,"href":"https:\/\/par-anoid.fi\/sv\/wp-json\/wp\/v2\/product_tag?post=3958"}],"curies":[{"name":"wp","href":"https:\/\/api.w.org\/{rel}","templated":true}]}}