{"id":3800,"date":"2020-09-19T12:26:01","date_gmt":"2020-09-19T09:26:01","guid":{"rendered":"https:\/\/par-anoid.fi\/?post_type=product&#038;p=3800"},"modified":"2021-08-10T19:36:09","modified_gmt":"2021-08-10T16:36:09","slug":"innova-firebird-champion-ken-climo","status":"publish","type":"product","link":"https:\/\/par-anoid.fi\/sv\/produkt\/innova-firebird-champion-ken-climo\/","title":{"rendered":"Innova Firebird Champion Ken Climo"},"content":{"rendered":"<p>Firebird \u00e4r Innovas mest popul\u00e4ra driver n\u00e4r det bl\u00e5ser motvind. Dess hastighet och \u00f6verstabilitet g\u00f6r det m\u00f6jligt att kasta p\u00e5litliga kast n\u00e4r du har vinden emot dig. I normala f\u00f6rh\u00e5llanden ger dig Firebirden vackra kast med fin s-kurva.<br \/>\nDen h\u00e4r discen \u00e4r \u00e4ven popul\u00e4r hos de som kastar forehand. Ken Climos signaturmodell.<\/p>\n<p><strong>Plast<\/strong><br \/>\n\u201cOriginalet\u201d, en transparent plastblandning utvecklad av Innova. Betydligt starkare \u00e4n DX \/ Pro-linjerna. Discar av Champion plast h\u00e5ller hundratals rundor och \u00e4r s\u00e4rskilt l\u00e4mpliga f\u00f6r aktiva och t\u00e4vlingsspelare. V\u00e4rldens mest popul\u00e4ra plastblandning n\u00e4r det g\u00e4ller premiumdiscar.<\/p>\n<p><strong>M\u00e5tt<\/strong><br \/>\nDiameter: 21,1 cm<br \/>\nH\u00f6jd: 1,4 cm<br \/>\nRimdjup: 1,2 cm<br \/>\nRimbredd: 1,9 cm<\/p>\n","protected":false},"excerpt":{"rendered":"<p>9 \/ 3 \/ 0 \/ 4<\/p>\n<p>Distance Driver<\/p>\n","protected":false},"featured_media":3806,"template":"","meta":{"_exactmetrics_skip_tracking":false,"_exactmetrics_sitenote_active":false,"_exactmetrics_sitenote_note":"","_exactmetrics_sitenote_category":0},"product_cat":[16,38],"product_tag":[],"class_list":{"0":"post-3800","1":"product","2":"type-product","3":"status-publish","4":"has-post-thumbnail","6":"product_cat-discar","7":"product_cat-drivers","9":"first","10":"outofstock","11":"taxable","12":"shipping-taxable","13":"purchasable","14":"product-type-variable"},"_links":{"self":[{"href":"https:\/\/par-anoid.fi\/sv\/wp-json\/wp\/v2\/product\/3800"}],"collection":[{"href":"https:\/\/par-anoid.fi\/sv\/wp-json\/wp\/v2\/product"}],"about":[{"href":"https:\/\/par-anoid.fi\/sv\/wp-json\/wp\/v2\/types\/product"}],"wp:featuredmedia":[{"embeddable":true,"href":"https:\/\/par-anoid.fi\/sv\/wp-json\/wp\/v2\/media\/3806"}],"wp:attachment":[{"href":"https:\/\/par-anoid.fi\/sv\/wp-json\/wp\/v2\/media?parent=3800"}],"wp:term":[{"taxonomy":"product_cat","embeddable":true,"href":"https:\/\/par-anoid.fi\/sv\/wp-json\/wp\/v2\/product_cat?post=3800"},{"taxonomy":"product_tag","embeddable":true,"href":"https:\/\/par-anoid.fi\/sv\/wp-json\/wp\/v2\/product_tag?post=3800"}],"curies":[{"name":"wp","href":"https:\/\/api.w.org\/{rel}","templated":true}]}}