{"id":3386,"date":"2020-08-15T12:41:37","date_gmt":"2020-08-15T09:41:37","guid":{"rendered":"https:\/\/par-anoid.fi\/?post_type=product&#038;p=3386"},"modified":"2020-11-29T15:18:56","modified_gmt":"2020-11-29T13:18:56","slug":"innova-savant-champion","status":"publish","type":"product","link":"https:\/\/par-anoid.fi\/sv\/produkt\/innova-savant-champion\/","title":{"rendered":"Innova Savant Champion"},"content":{"rendered":"<p>Letar du efter en p\u00e5litlig all-round driver i gr\u00e4nstrakterna mellan fairway och distance drivers?<br \/>\n<br \/>\nSavant \u00e4r discen du s\u00f6ker! Savant \u00e4r en stabil disc som kan liknas vid en mera l\u00e4tt hanterbar version av den h\u00f6gst rankade Thunderbirden och passar \u00e4ven f\u00f6r kastare med l\u00e5ngsammare utkast.<br \/>\n<br \/>\nJ\u00e4mf\u00f6rt med Thunderbird har Savant ett sn\u00e4ppet mera glid och en mera m\u00e5ttlig fade p\u00e5 slutet.<br \/>\n<br \/>\n<strong>Plast<\/strong><br \/>\n\u201cOriginalet\u201d, en transparent plastblandning utvecklad av Innova. Betydligt starkare \u00e4n DX \/ Pro-linjerna. Discar av Champion plast h\u00e5ller hundratals rundor och \u00e4r s\u00e4rskilt l\u00e4mpliga f\u00f6r aktiva och t\u00e4vlingsspelare. V\u00e4rldens mest popul\u00e4ra plastblandning n\u00e4r det g\u00e4ller premiumdiscar.<br \/>\n<br \/>\n<strong>M\u00e5tt<\/strong><br \/>\nDiameter: 21,1 cm<br \/>\nH\u00f6jd: 1,6 cm<br \/>\nRimdjup: 1,1 cm<br \/>\nRimbredd: 1,9 cm<\/p>\n","protected":false},"excerpt":{"rendered":"<p>9 \/ 5 \/ -1 \/ 2<br \/>\n<br \/>\nDistance Driver<\/p>\n","protected":false},"featured_media":3393,"template":"","meta":{"_exactmetrics_skip_tracking":false,"_exactmetrics_sitenote_active":false,"_exactmetrics_sitenote_note":"","_exactmetrics_sitenote_category":0},"product_cat":[16,38],"product_tag":[],"class_list":{"0":"post-3386","1":"product","2":"type-product","3":"status-publish","4":"has-post-thumbnail","6":"product_cat-discar","7":"product_cat-drivers","9":"first","10":"instock","11":"taxable","12":"shipping-taxable","13":"purchasable","14":"product-type-variable"},"_links":{"self":[{"href":"https:\/\/par-anoid.fi\/sv\/wp-json\/wp\/v2\/product\/3386"}],"collection":[{"href":"https:\/\/par-anoid.fi\/sv\/wp-json\/wp\/v2\/product"}],"about":[{"href":"https:\/\/par-anoid.fi\/sv\/wp-json\/wp\/v2\/types\/product"}],"wp:featuredmedia":[{"embeddable":true,"href":"https:\/\/par-anoid.fi\/sv\/wp-json\/wp\/v2\/media\/3393"}],"wp:attachment":[{"href":"https:\/\/par-anoid.fi\/sv\/wp-json\/wp\/v2\/media?parent=3386"}],"wp:term":[{"taxonomy":"product_cat","embeddable":true,"href":"https:\/\/par-anoid.fi\/sv\/wp-json\/wp\/v2\/product_cat?post=3386"},{"taxonomy":"product_tag","embeddable":true,"href":"https:\/\/par-anoid.fi\/sv\/wp-json\/wp\/v2\/product_tag?post=3386"}],"curies":[{"name":"wp","href":"https:\/\/api.w.org\/{rel}","templated":true}]}}