{"id":3074,"date":"2020-04-29T13:17:09","date_gmt":"2020-04-29T10:17:09","guid":{"rendered":"https:\/\/par-anoid.fi\/?post_type=product&#038;p=3074"},"modified":"2025-07-24T09:13:23","modified_gmt":"2025-07-24T06:13:23","slug":"latitude-64-fuse-opto","status":"publish","type":"product","link":"https:\/\/par-anoid.fi\/sv\/produkt\/latitude-64-fuse-opto\/","title":{"rendered":"Latitude 64 Fuse Opto"},"content":{"rendered":"<p>Det h\u00e4r \u00e4r Latitudes mest m\u00e5ngsidiga midrange! Fuse \u00e4r en l\u00e4tt understabil disc med bra glid. Designad i samarbete med Jesper Lundmark.<\/p>\n<p><strong>Plast<\/strong><br \/>\nOpto-plasten \u00e4r Latitude 64:s mest h\u00e5llbara plast och av h\u00f6g kvalitet. Discar gjorda av denna plast beh\u00e5ller sina flygegenskaper l\u00e4ngre.<\/p>\n<p><strong>M\u00e5tt<\/strong><br \/>\nDiameter: 21,9 cm<br \/>\nH\u00f6jd: 2,1 cm<br \/>\nRimdjup: 1,3 cm<br \/>\nRimbredd: 1,3 cm<\/p>\n<p><strong>Tillverkarens beskrivning<\/strong><br \/>\nFUSE is the most versatile midrange driver we have ever made. Period. Co-designed with our pro Jesper Lundmark, it has a stable and predictable flight path up to 300ft, and will hold long anhyzer curves with a minimal fade at the end.<\/p>\n","protected":false},"excerpt":{"rendered":"<p>5 \/ 6 \/ -1 \/ 0<\/p>\n<p>Midrange<\/p>\n","protected":false},"featured_media":3092,"template":"","meta":{"_exactmetrics_skip_tracking":false,"_exactmetrics_sitenote_active":false,"_exactmetrics_sitenote_note":"","_exactmetrics_sitenote_category":0},"product_cat":[16,40],"product_tag":[],"class_list":{"0":"post-3074","1":"product","2":"type-product","3":"status-publish","4":"has-post-thumbnail","6":"product_cat-discar","7":"product_cat-midrange","9":"first","10":"instock","11":"taxable","12":"shipping-taxable","13":"purchasable","14":"product-type-variable"},"_links":{"self":[{"href":"https:\/\/par-anoid.fi\/sv\/wp-json\/wp\/v2\/product\/3074"}],"collection":[{"href":"https:\/\/par-anoid.fi\/sv\/wp-json\/wp\/v2\/product"}],"about":[{"href":"https:\/\/par-anoid.fi\/sv\/wp-json\/wp\/v2\/types\/product"}],"wp:featuredmedia":[{"embeddable":true,"href":"https:\/\/par-anoid.fi\/sv\/wp-json\/wp\/v2\/media\/3092"}],"wp:attachment":[{"href":"https:\/\/par-anoid.fi\/sv\/wp-json\/wp\/v2\/media?parent=3074"}],"wp:term":[{"taxonomy":"product_cat","embeddable":true,"href":"https:\/\/par-anoid.fi\/sv\/wp-json\/wp\/v2\/product_cat?post=3074"},{"taxonomy":"product_tag","embeddable":true,"href":"https:\/\/par-anoid.fi\/sv\/wp-json\/wp\/v2\/product_tag?post=3074"}],"curies":[{"name":"wp","href":"https:\/\/api.w.org\/{rel}","templated":true}]}}