{"id":2194,"date":"2018-04-19T10:53:35","date_gmt":"2018-04-19T07:53:35","guid":{"rendered":"https:\/\/par-anoid.fi\/?post_type=product&#038;p=2194"},"modified":"2022-03-16T06:46:29","modified_gmt":"2022-03-16T04:46:29","slug":"latitude-64-compass-gold","status":"publish","type":"product","link":"https:\/\/par-anoid.fi\/sv\/produkt\/latitude-64-compass-gold\/","title":{"rendered":"Latitude 64 Compass Gold"},"content":{"rendered":"<p>Compass \u00e4r en stabil och raktflygande midrange med bra glid. Utvecklad i samarbete med v\u00e4rldsm\u00e4staren Ricky Wysocki som kommenterar discen s\u00e5 h\u00e4r: \u201dThe Compass will make me more confident on the course. Hyzer, straight, anhyzer; I can trust it on every angle\u201d.<\/p>\n<p><strong>Plast<\/strong><br \/>\nGold line \u00e4r Latitude 64:s premium-plast. Den \u00e4r av h\u00f6g kvalitet, elegant och h\u00e5llbar.<\/p>\n<p><strong>M\u00e5tt<\/strong><br \/>\nDiameter: 21,6 cm<br \/>\nH\u00f6jd: 2,3 cm<br \/>\nRimdjup: 1,3 cm<br \/>\nRimbredd: 1,3 cm<\/p>\n<p><strong>Tillverkarens beskrivning<\/strong><br \/>\nNavigate your way on the fairway with this midrange from Latitude 64\u00ba. It might not be the fastest midrange on the market, but disc golf is all about control and this straight flyer will go wherever you want. It holds any line in the most predictable way. Not thin, not deep, it will fit in any hand. This stable and versatile midrange has been developed in cooperation with world class player Ricky Wysocki: \u201dThe Compass will make me more confident on the course. Hyzer, straight, anhyzer; I can trust it on every angle\u201d.<\/p>\n","protected":false},"excerpt":{"rendered":"<p>5 \/ 5 \/ 0 \/ 1<\/p>\n<p>Midrange<\/p>\n","protected":false},"featured_media":6857,"template":"","meta":{"_exactmetrics_skip_tracking":false,"_exactmetrics_sitenote_active":false,"_exactmetrics_sitenote_note":"","_exactmetrics_sitenote_category":0},"product_cat":[16,40],"product_tag":[],"class_list":{"0":"post-2194","1":"product","2":"type-product","3":"status-publish","4":"has-post-thumbnail","6":"product_cat-discar","7":"product_cat-midrange","9":"first","10":"instock","11":"taxable","12":"shipping-taxable","13":"purchasable","14":"product-type-variable"},"_links":{"self":[{"href":"https:\/\/par-anoid.fi\/sv\/wp-json\/wp\/v2\/product\/2194"}],"collection":[{"href":"https:\/\/par-anoid.fi\/sv\/wp-json\/wp\/v2\/product"}],"about":[{"href":"https:\/\/par-anoid.fi\/sv\/wp-json\/wp\/v2\/types\/product"}],"wp:featuredmedia":[{"embeddable":true,"href":"https:\/\/par-anoid.fi\/sv\/wp-json\/wp\/v2\/media\/6857"}],"wp:attachment":[{"href":"https:\/\/par-anoid.fi\/sv\/wp-json\/wp\/v2\/media?parent=2194"}],"wp:term":[{"taxonomy":"product_cat","embeddable":true,"href":"https:\/\/par-anoid.fi\/sv\/wp-json\/wp\/v2\/product_cat?post=2194"},{"taxonomy":"product_tag","embeddable":true,"href":"https:\/\/par-anoid.fi\/sv\/wp-json\/wp\/v2\/product_tag?post=2194"}],"curies":[{"name":"wp","href":"https:\/\/api.w.org\/{rel}","templated":true}]}}