{"id":2116,"date":"2018-04-18T21:11:25","date_gmt":"2018-04-18T18:11:25","guid":{"rendered":"https:\/\/par-anoid.fi\/?post_type=product&#038;p=2116"},"modified":"2021-09-20T18:15:55","modified_gmt":"2021-09-20T15:15:55","slug":"latitude-64-dagger-zero-hard-ricky-w","status":"publish","type":"product","link":"https:\/\/par-anoid.fi\/sv\/produkt\/latitude-64-dagger-zero-hard-ricky-w\/","title":{"rendered":"Latitude 64 Dagger Zero Hard (Ricky W)"},"content":{"rendered":"<p>Dagger \u00e4r en djup putter med en fantastisk glidf\u00f6rm\u00e5ga. Utvecklad i samarbete med Dave Feldberg.<\/p>\n<p><strong>Plast<\/strong><br \/>\nZero \u00e4r Latitude 64:s billigaste plast och ger ett suver\u00e4nt grepp. En popul\u00e4r plast till putters. Zero finns i 3 olika h\u00e5rdhetsklasser, Soft, Medium och Hard. Soft \u00e4r den mjukaste, Hard \u00e4r den h\u00e5rdaste och Medium \u00e4r styvare \u00e4n soft men mera flexibel j\u00e4mf\u00f6rt med hard.<\/p>\n<p><strong>M\u00e5tt<\/strong><br \/>\nDiameter: 21,1 cm<br \/>\nH\u00f6jd: 2,1 cm<br \/>\nRimdjup: 1,5 cm<br \/>\nRimbredd: 1,0 cm<\/p>\n<p><strong>Tillverkarens beskrivning<\/strong><br \/>\nThe Dagger has been developed in co-operation with pro disc golfer David Feldberg and is a deep dish beaded putter. Feldberg says it is comparable to a big bead Aviar, Wizard, Challenger, etc., but deeper and with more float.<\/p>\n","protected":false},"excerpt":{"rendered":"<p>2 \/ 5 \/ 0 \/ 1<\/p>\n<p>Putt &amp; Approach<\/p>\n","protected":false},"featured_media":2125,"template":"","meta":{"_exactmetrics_skip_tracking":false,"_exactmetrics_sitenote_active":false,"_exactmetrics_sitenote_note":"","_exactmetrics_sitenote_category":0},"product_cat":[16,39],"product_tag":[],"class_list":{"0":"post-2116","1":"product","2":"type-product","3":"status-publish","4":"has-post-thumbnail","6":"product_cat-discar","7":"product_cat-putter","9":"first","10":"instock","11":"taxable","12":"shipping-taxable","13":"purchasable","14":"product-type-variable"},"_links":{"self":[{"href":"https:\/\/par-anoid.fi\/sv\/wp-json\/wp\/v2\/product\/2116"}],"collection":[{"href":"https:\/\/par-anoid.fi\/sv\/wp-json\/wp\/v2\/product"}],"about":[{"href":"https:\/\/par-anoid.fi\/sv\/wp-json\/wp\/v2\/types\/product"}],"wp:featuredmedia":[{"embeddable":true,"href":"https:\/\/par-anoid.fi\/sv\/wp-json\/wp\/v2\/media\/2125"}],"wp:attachment":[{"href":"https:\/\/par-anoid.fi\/sv\/wp-json\/wp\/v2\/media?parent=2116"}],"wp:term":[{"taxonomy":"product_cat","embeddable":true,"href":"https:\/\/par-anoid.fi\/sv\/wp-json\/wp\/v2\/product_cat?post=2116"},{"taxonomy":"product_tag","embeddable":true,"href":"https:\/\/par-anoid.fi\/sv\/wp-json\/wp\/v2\/product_tag?post=2116"}],"curies":[{"name":"wp","href":"https:\/\/api.w.org\/{rel}","templated":true}]}}