{"id":2082,"date":"2018-04-18T20:44:23","date_gmt":"2018-04-18T17:44:23","guid":{"rendered":"https:\/\/par-anoid.fi\/?post_type=product&#038;p=2082"},"modified":"2021-08-21T12:59:18","modified_gmt":"2021-08-21T09:59:18","slug":"latitude-64-saint-opto","status":"publish","type":"product","link":"https:\/\/par-anoid.fi\/sv\/produkt\/latitude-64-saint-opto\/","title":{"rendered":"Latitude 64 Saint Opto"},"content":{"rendered":"<p>Saint \u00e4r en fairwaydriver med rak flygbana och mycket glid. P\u00e5 grund av dess fina glidegenskaper passar denna disc alla typer av spelare, s\u00e5v\u00e4l nyb\u00f6rjare som proffs.<\/p>\n<p><strong>Plast<\/strong><br \/>\nOpto-plasten \u00e4r Latitude 64:s mest h\u00e5llbara plast och av h\u00f6g kvalitet. Discar gjorda av denna plast beh\u00e5ller sina flygegenskaper l\u00e4ngre.<\/p>\n<p><strong>M\u00e5tt<\/strong><br \/>\nDiameter: 21,2 cm<br \/>\nH\u00f6jd: 1,9 cm<br \/>\nRimdjup: 1,2 cm<br \/>\nRimbredd: 1,9 cm<\/p>\n<p><strong>Tillverkarens beskrivning<\/strong><br \/>\nSaint is a highly praised control driver \u2013 both among amateurs and pros. When you need a disc with good distance and perfect accuracy the Saint will deliver. Saint will be a straight shooter for drives up to 350 ft and has excellent glide. Saint also has a big brother \u2013 the slightly more stable Saint Pro.<\/p>\n","protected":false},"excerpt":{"rendered":"<p>9 \/ 7 \/ -1 \/ 2<\/p>\n<p>Fairway Driver<\/p>\n","protected":false},"featured_media":5030,"template":"","meta":{"_exactmetrics_skip_tracking":false,"_exactmetrics_sitenote_active":false,"_exactmetrics_sitenote_note":"","_exactmetrics_sitenote_category":0},"product_cat":[16,38],"product_tag":[],"class_list":{"0":"post-2082","1":"product","2":"type-product","3":"status-publish","4":"has-post-thumbnail","6":"product_cat-discar","7":"product_cat-drivers","9":"first","10":"instock","11":"taxable","12":"shipping-taxable","13":"purchasable","14":"product-type-variable"},"_links":{"self":[{"href":"https:\/\/par-anoid.fi\/sv\/wp-json\/wp\/v2\/product\/2082"}],"collection":[{"href":"https:\/\/par-anoid.fi\/sv\/wp-json\/wp\/v2\/product"}],"about":[{"href":"https:\/\/par-anoid.fi\/sv\/wp-json\/wp\/v2\/types\/product"}],"wp:featuredmedia":[{"embeddable":true,"href":"https:\/\/par-anoid.fi\/sv\/wp-json\/wp\/v2\/media\/5030"}],"wp:attachment":[{"href":"https:\/\/par-anoid.fi\/sv\/wp-json\/wp\/v2\/media?parent=2082"}],"wp:term":[{"taxonomy":"product_cat","embeddable":true,"href":"https:\/\/par-anoid.fi\/sv\/wp-json\/wp\/v2\/product_cat?post=2082"},{"taxonomy":"product_tag","embeddable":true,"href":"https:\/\/par-anoid.fi\/sv\/wp-json\/wp\/v2\/product_tag?post=2082"}],"curies":[{"name":"wp","href":"https:\/\/api.w.org\/{rel}","templated":true}]}}