{"id":2010,"date":"2018-04-18T19:29:03","date_gmt":"2018-04-18T16:29:03","guid":{"rendered":"https:\/\/par-anoid.fi\/?post_type=product&#038;p=2010"},"modified":"2021-09-20T18:17:18","modified_gmt":"2021-09-20T15:17:18","slug":"latitude-64-pure-zero-hard","status":"publish","type":"product","link":"https:\/\/par-anoid.fi\/sv\/produkt\/latitude-64-pure-zero-hard\/","title":{"rendered":"Latitude 64 Pure Zero Hard"},"content":{"rendered":"<p>Pure \u00e4r en verkligt raktflygande, klassisk putter med l\u00e5g profil. Denna putter och approach passar bra f\u00f6r nyb\u00f6rjare men \u00e4r ocks\u00e5 verkligt omtyckt bland proffsen!<\/p>\n<p><strong>Plast<\/strong><br \/>\nZero \u00e4r Latitude 64:s billigaste plast och ger ett suver\u00e4nt grepp. En popul\u00e4r plast till putters. Zero finns i 3 olika h\u00e5rdhetsklasser, Soft, Medium och Hard. Soft \u00e4r den mjukaste, Hard \u00e4r den h\u00e5rdaste och Medium \u00e4r styvare \u00e4n soft men mera flexibel j\u00e4mf\u00f6rt med hard.<\/p>\n<p><strong>M\u00e5tt<\/strong><br \/>\nDiameter: 21,2 cm<br \/>\nH\u00f6jd: 1,8 cm<br \/>\nRimdjup: 1,4 cm<br \/>\nRimbredd: 1,0 cm<\/p>\n<p><strong>Tillverkarens beskrivning<\/strong><br \/>\nThe Pure is a modern classic in the putt and approach department. The disc was co-designed with Jesper Lundmark. It features a comfortable grip and a medium deep rim. It is developed with minimum fade for the ultimate putting experience. Left, straight or right; it will hold any line on your approach shots. Elevate your game around the basket with the Pure.<\/p>\n","protected":false},"excerpt":{"rendered":"<p>3 \/ 3 \/ -1 \/ 1<\/p>\n<p>Putt &amp; Approach<\/p>\n","protected":false},"featured_media":2018,"template":"","meta":{"_exactmetrics_skip_tracking":false,"_exactmetrics_sitenote_active":false,"_exactmetrics_sitenote_note":"","_exactmetrics_sitenote_category":0},"product_cat":[16,39],"product_tag":[],"class_list":{"0":"post-2010","1":"product","2":"type-product","3":"status-publish","4":"has-post-thumbnail","6":"product_cat-discar","7":"product_cat-putter","9":"first","10":"instock","11":"taxable","12":"shipping-taxable","13":"purchasable","14":"product-type-variable"},"_links":{"self":[{"href":"https:\/\/par-anoid.fi\/sv\/wp-json\/wp\/v2\/product\/2010"}],"collection":[{"href":"https:\/\/par-anoid.fi\/sv\/wp-json\/wp\/v2\/product"}],"about":[{"href":"https:\/\/par-anoid.fi\/sv\/wp-json\/wp\/v2\/types\/product"}],"wp:featuredmedia":[{"embeddable":true,"href":"https:\/\/par-anoid.fi\/sv\/wp-json\/wp\/v2\/media\/2018"}],"wp:attachment":[{"href":"https:\/\/par-anoid.fi\/sv\/wp-json\/wp\/v2\/media?parent=2010"}],"wp:term":[{"taxonomy":"product_cat","embeddable":true,"href":"https:\/\/par-anoid.fi\/sv\/wp-json\/wp\/v2\/product_cat?post=2010"},{"taxonomy":"product_tag","embeddable":true,"href":"https:\/\/par-anoid.fi\/sv\/wp-json\/wp\/v2\/product_tag?post=2010"}],"curies":[{"name":"wp","href":"https:\/\/api.w.org\/{rel}","templated":true}]}}