{"id":1974,"date":"2018-04-18T18:24:47","date_gmt":"2018-04-18T15:24:47","guid":{"rendered":"https:\/\/par-anoid.fi\/?post_type=product&#038;p=1974"},"modified":"2021-03-20T11:35:46","modified_gmt":"2021-03-20T09:35:46","slug":"latitude-64-mercy-zero-hard","status":"publish","type":"product","link":"https:\/\/par-anoid.fi\/sv\/produkt\/latitude-64-mercy-zero-hard\/","title":{"rendered":"Latitude 64 Mercy Zero Hard"},"content":{"rendered":"<p>En stabil och l\u00e5ngsam putter med en djup rim. Flygbanan \u00e4r rak med en liten fade p\u00e5 slutet. En utm\u00e4rkt approachdisc och putter!<\/p>\n<p><strong>Plast<\/strong><br \/>\nZero \u00e4r Latitude 64:s billigaste plast och ger ett suver\u00e4nt grepp. En popul\u00e4r plast till putters. Zero finns i 3 olika h\u00e5rdhetsklasser, Soft, Medium och Hard. Soft \u00e4r den mjukaste, Hard \u00e4r den h\u00e5rdaste och Medium \u00e4r styvare \u00e4n soft men mera flexibel j\u00e4mf\u00f6rt med hard.<\/p>\n<p><strong>M\u00e5tt<\/strong><br \/>\nDiameter: 21,2 cm<br \/>\nH\u00f6jd: 2,1cm<br \/>\nRimdjup: 1,5 cm<br \/>\nRimbredd: 1,1 cm<\/p>\n<p><strong>Tillverkarens beskrivning<\/strong><br \/>\nSometimes the disc golf course won\u2019t give you mercy. You might have better luck with the Mercy from Latitude 64\u00b0. It is designed with a deep rim and features a slow flight which makes it a very good alternative in our putt and approach lineup. Stable and consistent flight for putting, approach and short drives. What else can you wish for?<\/p>\n","protected":false},"excerpt":{"rendered":"<p>2 \/ 4 \/ 0 \/ 1<\/p>\n<p>Putt &amp; Approach<\/p>\n","protected":false},"featured_media":5050,"template":"","meta":{"_exactmetrics_skip_tracking":false,"_exactmetrics_sitenote_active":false,"_exactmetrics_sitenote_note":"","_exactmetrics_sitenote_category":0},"product_cat":[16,39],"product_tag":[],"class_list":{"0":"post-1974","1":"product","2":"type-product","3":"status-publish","4":"has-post-thumbnail","6":"product_cat-discar","7":"product_cat-putter","9":"first","10":"instock","11":"taxable","12":"shipping-taxable","13":"purchasable","14":"product-type-variable"},"_links":{"self":[{"href":"https:\/\/par-anoid.fi\/sv\/wp-json\/wp\/v2\/product\/1974"}],"collection":[{"href":"https:\/\/par-anoid.fi\/sv\/wp-json\/wp\/v2\/product"}],"about":[{"href":"https:\/\/par-anoid.fi\/sv\/wp-json\/wp\/v2\/types\/product"}],"wp:featuredmedia":[{"embeddable":true,"href":"https:\/\/par-anoid.fi\/sv\/wp-json\/wp\/v2\/media\/5050"}],"wp:attachment":[{"href":"https:\/\/par-anoid.fi\/sv\/wp-json\/wp\/v2\/media?parent=1974"}],"wp:term":[{"taxonomy":"product_cat","embeddable":true,"href":"https:\/\/par-anoid.fi\/sv\/wp-json\/wp\/v2\/product_cat?post=1974"},{"taxonomy":"product_tag","embeddable":true,"href":"https:\/\/par-anoid.fi\/sv\/wp-json\/wp\/v2\/product_tag?post=1974"}],"curies":[{"name":"wp","href":"https:\/\/api.w.org\/{rel}","templated":true}]}}