{"id":1908,"date":"2018-04-18T10:55:05","date_gmt":"2018-04-18T07:55:05","guid":{"rendered":"https:\/\/par-anoid.fi\/?post_type=product&#038;p=1908"},"modified":"2021-10-05T18:09:40","modified_gmt":"2021-10-05T15:09:40","slug":"dynamic-discs-sheriff-lucid","status":"publish","type":"product","link":"https:\/\/par-anoid.fi\/sv\/produkt\/dynamic-discs-sheriff-lucid\/","title":{"rendered":"Dynamic Discs Sheriff Lucid"},"content":{"rendered":"<p>Sheriff \u00e4r en snabb distance driver f\u00f6r powerkastare. Den \u00e4r sn\u00e4ppet mera understabil \u00e4n Defender och \u00e4r disken du vill anv\u00e4nda till l\u00e5nga anhyzerkast.<\/p>\n<p><strong>Plast<\/strong><br \/>\nLucid-plasten \u00e4r av h\u00f6g kvalitet och h\u00e5llbar. Discar gjorda av denna plast beh\u00e5ller sina flygegenskaper under en l\u00e5ng tid.<\/p>\n<p><strong>M\u00e5tt<\/strong><br \/>\nDiameter: 21,1 cm<br \/>\nH\u00f6jd: 1,6 cm<br \/>\nRimdjup: 1,1 cm<br \/>\nRimbredd: 2,4 cm<\/p>\n<p><strong>Tillverkarens beskrivning<\/strong><br \/>\nA versatile high-speed disc is hard to find. They are usually too far on one side of the spectrum to be a true multi-tool. Introducing the Sheriff by Dynamic Discs. Long anhyzers, flex shots, pure hyzers; the Sheriff will arrive just in time to protect you from the onslaught of bogeys sure to come without the right disc. Attack the course with a new confidence knowing the Sheriff is standing with you to handle any problems that might arise.<\/p>\n","protected":false},"excerpt":{"rendered":"<p>13 \/ 5 \/ -1 \/ 2<\/p>\n<p>Distance Driver<\/p>\n","protected":false},"featured_media":5841,"template":"","meta":{"_exactmetrics_skip_tracking":false,"_exactmetrics_sitenote_active":false,"_exactmetrics_sitenote_note":"","_exactmetrics_sitenote_category":0},"product_cat":[16,38],"product_tag":[],"class_list":{"0":"post-1908","1":"product","2":"type-product","3":"status-publish","4":"has-post-thumbnail","6":"product_cat-discar","7":"product_cat-drivers","9":"first","10":"instock","11":"taxable","12":"shipping-taxable","13":"purchasable","14":"product-type-variable"},"_links":{"self":[{"href":"https:\/\/par-anoid.fi\/sv\/wp-json\/wp\/v2\/product\/1908"}],"collection":[{"href":"https:\/\/par-anoid.fi\/sv\/wp-json\/wp\/v2\/product"}],"about":[{"href":"https:\/\/par-anoid.fi\/sv\/wp-json\/wp\/v2\/types\/product"}],"wp:featuredmedia":[{"embeddable":true,"href":"https:\/\/par-anoid.fi\/sv\/wp-json\/wp\/v2\/media\/5841"}],"wp:attachment":[{"href":"https:\/\/par-anoid.fi\/sv\/wp-json\/wp\/v2\/media?parent=1908"}],"wp:term":[{"taxonomy":"product_cat","embeddable":true,"href":"https:\/\/par-anoid.fi\/sv\/wp-json\/wp\/v2\/product_cat?post=1908"},{"taxonomy":"product_tag","embeddable":true,"href":"https:\/\/par-anoid.fi\/sv\/wp-json\/wp\/v2\/product_tag?post=1908"}],"curies":[{"name":"wp","href":"https:\/\/api.w.org\/{rel}","templated":true}]}}