{"id":1712,"date":"2018-04-17T10:12:37","date_gmt":"2018-04-17T07:12:37","guid":{"rendered":"http:\/\/dev.par-anoid.fi\/wp\/?post_type=product&#038;p=1712"},"modified":"2021-09-20T18:14:50","modified_gmt":"2021-09-20T15:14:50","slug":"dynamic-discs-judge-classic","status":"publish","type":"product","link":"https:\/\/par-anoid.fi\/sv\/produkt\/dynamic-discs-judge-classic\/","title":{"rendered":"Dynamic Discs Judge Classic"},"content":{"rendered":"<p>Judge \u00e4r en raktflygande putter med bra glid som har en bead. \u00c5r 2013 fick denna omtyckta putter priset f\u00f6r b\u00e4sta disc i Players Choice Award.<\/p>\n<p><strong>Plast<\/strong><br \/>\nClassic \u00e4r Dynamic Discs billigaste plastserie och ger ett suver\u00e4nt grepp. En popul\u00e4r plast till putters. Classic-plasten finns i 4 olika h\u00e5rdhetsklasser, Supersoft, Soft, Blend och Classic.<br \/>\nSupersoft \u00e4r den mjukaste, Classic den h\u00e5rdaste och Blend \u00e4r styvare \u00e4n soft men mera flexibel j\u00e4mf\u00f6rt med Classic. Supersoft \u00e4r verkligt mjuk!<\/p>\n<p><strong>M\u00e5tt<\/strong><br \/>\nDiameter: 21,2 cm<br \/>\nH\u00f6jd: 2,0 cm<br \/>\nRimdjup: 1,5 cm<br \/>\nRimbredd: 1,1 cm<\/p>\n<p><strong>Tillverkarens beskrivning<\/strong><br \/>\nThe Judge is your go to putter in all conditions. Very versatile disc, holds a line and finishes straight on approach shots as well.<br \/>\nWhy was the Judge named the 2013 Disc of the Year in the Player&#8217;s Choice Awards? It is incredibly predictable in flying and hitting the chains. It is a fantastic throwing putter that will fly straight and glide for amazing distances. It comes in 7 different plastics so that your preferred feel is available in this disc. Come see why this disc has become so popular and judged other, more well-known discs, to be insufficient.<\/p>\n","protected":false},"excerpt":{"rendered":"<p>2 \/ 4 \/ 0 \/ 1<\/p>\n<p>Putt &amp; Approach<\/p>\n","protected":false},"featured_media":5613,"template":"","meta":{"_exactmetrics_skip_tracking":false,"_exactmetrics_sitenote_active":false,"_exactmetrics_sitenote_note":"","_exactmetrics_sitenote_category":0},"product_cat":[16,39],"product_tag":[],"class_list":{"0":"post-1712","1":"product","2":"type-product","3":"status-publish","4":"has-post-thumbnail","6":"product_cat-discar","7":"product_cat-putter","9":"first","10":"instock","11":"taxable","12":"shipping-taxable","13":"purchasable","14":"product-type-variable"},"_links":{"self":[{"href":"https:\/\/par-anoid.fi\/sv\/wp-json\/wp\/v2\/product\/1712"}],"collection":[{"href":"https:\/\/par-anoid.fi\/sv\/wp-json\/wp\/v2\/product"}],"about":[{"href":"https:\/\/par-anoid.fi\/sv\/wp-json\/wp\/v2\/types\/product"}],"wp:featuredmedia":[{"embeddable":true,"href":"https:\/\/par-anoid.fi\/sv\/wp-json\/wp\/v2\/media\/5613"}],"wp:attachment":[{"href":"https:\/\/par-anoid.fi\/sv\/wp-json\/wp\/v2\/media?parent=1712"}],"wp:term":[{"taxonomy":"product_cat","embeddable":true,"href":"https:\/\/par-anoid.fi\/sv\/wp-json\/wp\/v2\/product_cat?post=1712"},{"taxonomy":"product_tag","embeddable":true,"href":"https:\/\/par-anoid.fi\/sv\/wp-json\/wp\/v2\/product_tag?post=1712"}],"curies":[{"name":"wp","href":"https:\/\/api.w.org\/{rel}","templated":true}]}}