{"id":1561,"date":"2018-04-17T08:04:16","date_gmt":"2018-04-17T05:04:16","guid":{"rendered":"http:\/\/dev.par-anoid.fi\/wp\/?post_type=product&#038;p=1561"},"modified":"2021-08-21T13:02:58","modified_gmt":"2021-08-21T10:02:58","slug":"dynamic-discs-defender-lucid","status":"publish","type":"product","link":"https:\/\/par-anoid.fi\/sv\/produkt\/dynamic-discs-defender-lucid\/","title":{"rendered":"Dynamic Discs Defender Lucid"},"content":{"rendered":"<p>Defender \u00e4r en snabb, stabil distance driver som fungerar \u00e4ven n\u00e4r det bl\u00e5ser h\u00e5rdare och \u00e4r motvind. Den flyger rakt och l\u00e5ngt innan slutdelens kraftiga fade.<\/p>\n<p><strong>Plast<\/strong><br \/>\nLucid-plasten \u00e4r av h\u00f6g kvalitet och h\u00e5llbar. Discar gjorda av denna plast beh\u00e5ller sina flygegenskaper under en l\u00e5ng tid.<\/p>\n<p><strong>M\u00e5tt<\/strong><br \/>\nDiameter: 21,0 cm<br \/>\nH\u00f6jd: 1,6 cm<br \/>\nRimdjup: 1,1 cm<br \/>\nRimbredd: 2,3 cm<\/p>\n<p><strong>Tillverkarens beskrivning<\/strong><br \/>\nThe problem with the highest speed discs is that they are historically understable. This is no longer an issue. The Defender is here. Fast. Stable. Neither of these descriptions will be in dispute after you unleash this scorcher. You will no longer have to put away your high speed discs when the wind begins to blow. The Defender will have your back when the course and the elements conspire to take you down.<\/p>\n","protected":false},"excerpt":{"rendered":"<p>13 \/ 5 \/ 0 \/ 3<\/p>\n<p>Distance Driver<\/p>\n","protected":false},"featured_media":5820,"template":"","meta":{"_exactmetrics_skip_tracking":false,"_exactmetrics_sitenote_active":false,"_exactmetrics_sitenote_note":"","_exactmetrics_sitenote_category":0},"product_cat":[16,38],"product_tag":[],"class_list":{"0":"post-1561","1":"product","2":"type-product","3":"status-publish","4":"has-post-thumbnail","6":"product_cat-discar","7":"product_cat-drivers","9":"first","10":"instock","11":"taxable","12":"shipping-taxable","13":"purchasable","14":"product-type-variable"},"_links":{"self":[{"href":"https:\/\/par-anoid.fi\/sv\/wp-json\/wp\/v2\/product\/1561"}],"collection":[{"href":"https:\/\/par-anoid.fi\/sv\/wp-json\/wp\/v2\/product"}],"about":[{"href":"https:\/\/par-anoid.fi\/sv\/wp-json\/wp\/v2\/types\/product"}],"wp:featuredmedia":[{"embeddable":true,"href":"https:\/\/par-anoid.fi\/sv\/wp-json\/wp\/v2\/media\/5820"}],"wp:attachment":[{"href":"https:\/\/par-anoid.fi\/sv\/wp-json\/wp\/v2\/media?parent=1561"}],"wp:term":[{"taxonomy":"product_cat","embeddable":true,"href":"https:\/\/par-anoid.fi\/sv\/wp-json\/wp\/v2\/product_cat?post=1561"},{"taxonomy":"product_tag","embeddable":true,"href":"https:\/\/par-anoid.fi\/sv\/wp-json\/wp\/v2\/product_tag?post=1561"}],"curies":[{"name":"wp","href":"https:\/\/api.w.org\/{rel}","templated":true}]}}