{"id":1123,"date":"2018-04-15T14:27:34","date_gmt":"2018-04-15T11:27:34","guid":{"rendered":"http:\/\/dev.par-anoid.fi\/wp\/?post_type=product&#038;p=1123"},"modified":"2022-06-02T10:35:20","modified_gmt":"2022-06-02T07:35:20","slug":"kastaplast-falk-k1","status":"publish","type":"product","link":"https:\/\/par-anoid.fi\/sv\/produkt\/kastaplast-falk-k1\/","title":{"rendered":"Kastaplast Falk K1"},"content":{"rendered":"<p>Falk \u00e4r en understabil, m\u00e5ngsidig fairwaydriver. Passar bra till l\u00e5nga anhyzerkast!<\/p>\n<p><strong>Plast<\/strong><br \/>\nK1 linjen \u00e4r Kastaplasts mest h\u00e5llbara plast.<\/p>\n<p><strong>M\u00e5tt<\/strong><br \/>\nDiameter: 21,1 cm<br \/>\nH\u00f6jd: 1,8 cm<br \/>\nRimdjup: 1,1 cm<br \/>\nRimbredd: 1,9 cm<\/p>\n<p><strong>Tillverkarens beskrivning<\/strong><br \/>\nThe Falk controls the fairways and reaches its target efficiently by using the right combination of speed, glide and accuracy. Just like the bird it was named after.<\/p>\n<p>This versatile fairway driver fits the skills and power of a wide range of players. Falk loves tailwinds and long anhyzer lines. It loves to fly! With a comfortable grip and a rim width at 19 mm the Falk suits most hands and styles.<\/p>\n<p>Flight specs: 9\/6\/-2\/1<\/p>\n<p>Plastic Lines: K1<\/p>\n","protected":false},"excerpt":{"rendered":"<p>9 \/ 6 \/ -2 \/ 1<\/p>\n<p>Fairway Driver<\/p>\n","protected":false},"featured_media":5557,"template":"","meta":{"_exactmetrics_skip_tracking":false,"_exactmetrics_sitenote_active":false,"_exactmetrics_sitenote_note":"","_exactmetrics_sitenote_category":0},"product_cat":[16,38],"product_tag":[],"class_list":{"0":"post-1123","1":"product","2":"type-product","3":"status-publish","4":"has-post-thumbnail","6":"product_cat-discar","7":"product_cat-drivers","9":"first","10":"instock","11":"taxable","12":"shipping-taxable","13":"purchasable","14":"product-type-variable"},"_links":{"self":[{"href":"https:\/\/par-anoid.fi\/sv\/wp-json\/wp\/v2\/product\/1123"}],"collection":[{"href":"https:\/\/par-anoid.fi\/sv\/wp-json\/wp\/v2\/product"}],"about":[{"href":"https:\/\/par-anoid.fi\/sv\/wp-json\/wp\/v2\/types\/product"}],"wp:featuredmedia":[{"embeddable":true,"href":"https:\/\/par-anoid.fi\/sv\/wp-json\/wp\/v2\/media\/5557"}],"wp:attachment":[{"href":"https:\/\/par-anoid.fi\/sv\/wp-json\/wp\/v2\/media?parent=1123"}],"wp:term":[{"taxonomy":"product_cat","embeddable":true,"href":"https:\/\/par-anoid.fi\/sv\/wp-json\/wp\/v2\/product_cat?post=1123"},{"taxonomy":"product_tag","embeddable":true,"href":"https:\/\/par-anoid.fi\/sv\/wp-json\/wp\/v2\/product_tag?post=1123"}],"curies":[{"name":"wp","href":"https:\/\/api.w.org\/{rel}","templated":true}]}}