{"id":1039,"date":"2018-04-15T13:06:05","date_gmt":"2018-04-15T10:06:05","guid":{"rendered":"http:\/\/dev.par-anoid.fi\/wp\/?post_type=product&#038;p=1039"},"modified":"2025-11-26T07:54:27","modified_gmt":"2025-11-26T05:54:27","slug":"kastaplast-rask-k1","status":"publish","type":"product","link":"https:\/\/par-anoid.fi\/sv\/produkt\/kastaplast-rask-k1\/","title":{"rendered":"Kastaplast Rask K1"},"content":{"rendered":"<p>Rask \u00e4r en unik, snabb och \u00f6verstabil distance driver. P\u00e5 undersidan finns en extra kant som \u00e4r speciellt framtagen av Kastaplast f\u00f6r att minska luftmotst\u00e5ndet. Detta g\u00f6r att discen \u00e4r v\u00e4ldigt snabb trots att kanten (rim) \u00e4r under 22mm bred. En dr\u00f6mdisc f\u00f6r kraftkastaren!<\/p>\n<p><strong>Plast<\/strong><br \/>\nK1 linjen \u00e4r Kastaplasts mest h\u00e5llbara plast.<\/p>\n<p><strong>M\u00e5tt<\/strong><br \/>\nDiameter: 21,2 cm<br \/>\nH\u00f6jd: 1,6 cm<br \/>\nRimdjup: 1,1 cm<br \/>\nRimbredd: 2,2 cm<\/p>\n<p><strong>Tillverkarens beskrivning<\/strong><br \/>\nRask is a concept disc is based on Kastaplast\u2019s invention for drag reduction. It\u2019s the most streamlined disc to date. A good powerful rip and it will have the job done in no time. Rask needs a lot of speed to fly, making it best suitable for power throwers and experienced players. It\u2019s a headwind bomber.<\/p>\n<p>Being less than 22 mm wide at the rim, Rask proves that a disc\u2019s speed cannot be determined by looking at the width of the rim. Those who want the fastest disc available, without the widest rim \u2013 reach for Rask!<\/p>\n<p>Rask in traditional flight specs: Speed 14, glide 3, turn 0, fade 4.<\/p>\n","protected":false},"excerpt":{"rendered":"<p>14 \/ 3 \/ 0 \/ 4<\/p>\n<p>Distance Driver<\/p>\n","protected":false},"featured_media":5883,"template":"","meta":{"_exactmetrics_skip_tracking":false,"_exactmetrics_sitenote_active":false,"_exactmetrics_sitenote_note":"","_exactmetrics_sitenote_category":0},"product_cat":[16,38],"product_tag":[],"class_list":{"0":"post-1039","1":"product","2":"type-product","3":"status-publish","4":"has-post-thumbnail","6":"product_cat-discar","7":"product_cat-drivers","9":"first","10":"instock","11":"sale","12":"taxable","13":"shipping-taxable","14":"purchasable","15":"product-type-variable"},"_links":{"self":[{"href":"https:\/\/par-anoid.fi\/sv\/wp-json\/wp\/v2\/product\/1039"}],"collection":[{"href":"https:\/\/par-anoid.fi\/sv\/wp-json\/wp\/v2\/product"}],"about":[{"href":"https:\/\/par-anoid.fi\/sv\/wp-json\/wp\/v2\/types\/product"}],"wp:featuredmedia":[{"embeddable":true,"href":"https:\/\/par-anoid.fi\/sv\/wp-json\/wp\/v2\/media\/5883"}],"wp:attachment":[{"href":"https:\/\/par-anoid.fi\/sv\/wp-json\/wp\/v2\/media?parent=1039"}],"wp:term":[{"taxonomy":"product_cat","embeddable":true,"href":"https:\/\/par-anoid.fi\/sv\/wp-json\/wp\/v2\/product_cat?post=1039"},{"taxonomy":"product_tag","embeddable":true,"href":"https:\/\/par-anoid.fi\/sv\/wp-json\/wp\/v2\/product_tag?post=1039"}],"curies":[{"name":"wp","href":"https:\/\/api.w.org\/{rel}","templated":true}]}}