{"id":1019,"date":"2018-04-15T12:42:52","date_gmt":"2018-04-15T09:42:52","guid":{"rendered":"http:\/\/dev.par-anoid.fi\/wp\/?post_type=product&#038;p=1019"},"modified":"2022-06-02T10:39:13","modified_gmt":"2022-06-02T07:39:13","slug":"kastaplast-kaxe-z-k1","status":"publish","type":"product","link":"https:\/\/par-anoid.fi\/sv\/produkt\/kastaplast-kaxe-z-k1\/","title":{"rendered":"Kastaplast Kaxe Z K1"},"content":{"rendered":"<p>En midrange som \u00e4ven fungerar som fairwaydriver med en rak flyglinje. I stora drag samma disc som den ursprungliga Kaxen men utan beaden. Z kommer fr\u00e5n Zero vilket symboliserar mindre stabilitet \u00e4n den ursprungliga molden. Kaxe Z \u00e4r p\u00e5litlig och Kaxig!<\/p>\n<p><strong>Plast<\/strong><br \/>\nK1 linjen \u00e4r Kastaplasts mest h\u00e5llbara plast.<\/p>\n<p><strong>M\u00e5tt<\/strong><br \/>\nDiameter: 21,1 cm<br \/>\nH\u00f6jd: 1,9 cm<br \/>\nRimdjup: 1,3 cm<br \/>\nRimbredd: 1,5 cm<\/p>\n<p><strong>Tillverkarens beskrivning<\/strong><br \/>\nThis disc is essentially a beadless Kaxe. Just as with the original Kaxe we have called it a midrange driver, but Kaxe Z is just as much a fairway driver. With this disc we\u2019re introducing the Z as in Zero, symbolizing less stability than the original mold. However don\u2019t expect Kaxe Z to be understable. It\u2019s still dependable and Kaxey!<\/p>\n<p>Kaxe Z in traditional flight specs: Speed 6, glide 5, turn 0, fade 2.<\/p>\n","protected":false},"excerpt":{"rendered":"<p>6 \/ 5 \/ 0 \/ 2<\/p>\n<div>Midrange<\/div>\n<div>Fairway Driver<\/div>\n","protected":false},"featured_media":5899,"template":"","meta":{"_exactmetrics_skip_tracking":false,"_exactmetrics_sitenote_active":false,"_exactmetrics_sitenote_note":"","_exactmetrics_sitenote_category":0},"product_cat":[16,38,40],"product_tag":[],"class_list":{"0":"post-1019","1":"product","2":"type-product","3":"status-publish","4":"has-post-thumbnail","6":"product_cat-discar","7":"product_cat-drivers","8":"product_cat-midrange","10":"first","11":"instock","12":"taxable","13":"shipping-taxable","14":"purchasable","15":"product-type-variable"},"_links":{"self":[{"href":"https:\/\/par-anoid.fi\/sv\/wp-json\/wp\/v2\/product\/1019"}],"collection":[{"href":"https:\/\/par-anoid.fi\/sv\/wp-json\/wp\/v2\/product"}],"about":[{"href":"https:\/\/par-anoid.fi\/sv\/wp-json\/wp\/v2\/types\/product"}],"wp:featuredmedia":[{"embeddable":true,"href":"https:\/\/par-anoid.fi\/sv\/wp-json\/wp\/v2\/media\/5899"}],"wp:attachment":[{"href":"https:\/\/par-anoid.fi\/sv\/wp-json\/wp\/v2\/media?parent=1019"}],"wp:term":[{"taxonomy":"product_cat","embeddable":true,"href":"https:\/\/par-anoid.fi\/sv\/wp-json\/wp\/v2\/product_cat?post=1019"},{"taxonomy":"product_tag","embeddable":true,"href":"https:\/\/par-anoid.fi\/sv\/wp-json\/wp\/v2\/product_tag?post=1019"}],"curies":[{"name":"wp","href":"https:\/\/api.w.org\/{rel}","templated":true}]}}