{"id":1013,"date":"2018-04-15T12:33:58","date_gmt":"2018-04-15T09:33:58","guid":{"rendered":"http:\/\/dev.par-anoid.fi\/wp\/?post_type=product&#038;p=1013"},"modified":"2021-09-20T18:17:18","modified_gmt":"2021-09-20T15:17:18","slug":"kastaplast-kaxe-k3","status":"publish","type":"product","link":"https:\/\/par-anoid.fi\/sv\/produkt\/kastaplast-kaxe-k3\/","title":{"rendered":"Kastaplast Kaxe K3"},"content":{"rendered":"<p>Kaxe \u00e4r en midrange som \u00e4ven fungerar bra som en l\u00e5ngsam fairwaydriver. Dess f\u00f6ruts\u00e4gbara flygbana har f\u00e5tt stor uppskattning. En bra all-round disc som har blivit m\u00e5nga spelares nya favorit.<\/p>\n<p><strong>Plast<\/strong><br \/>\nK3 linjen \u00e4r Kastaplasts grundplast. Den \u00e4r r\u00e4tt mjuk och ger ett bra grip i alla v\u00e4derleksf\u00f6rh\u00e5llanden.<\/p>\n<p><strong>M\u00e5tt<\/strong><br \/>\nDiameter: 21,0 cm<br \/>\nH\u00f6jd: 1,9 cm<br \/>\nRimdjup: 1,3 cm<br \/>\nRimbredd: 1,5 cm<\/p>\n<p><strong>Tillverkarens beskrivning<\/strong><br \/>\nThis disc is appreciated for its predictable flight and will come in handy in numerous situations on the course. Due to its slim proportions and decent stability, Kaxe handles wind well without being very overstable. A true multi-purpose disc which has become many players new favourite workhorse control disc.<\/p>\n<p>Kaxe is an old Swedish word, meaning a stuck-up person.<\/p>\n<p>Kaxe in traditional flight specs: Speed 6, glide 4, turn 0, fade 3.<\/p>\n","protected":false},"excerpt":{"rendered":"<p>6 \/ 4 \/ 0 \/ 3<\/p>\n<p>Midrange<\/p>\n","protected":false},"featured_media":5897,"template":"","meta":{"_exactmetrics_skip_tracking":false,"_exactmetrics_sitenote_active":false,"_exactmetrics_sitenote_note":"","_exactmetrics_sitenote_category":0},"product_cat":[16,40],"product_tag":[],"class_list":{"0":"post-1013","1":"product","2":"type-product","3":"status-publish","4":"has-post-thumbnail","6":"product_cat-discar","7":"product_cat-midrange","9":"first","10":"instock","11":"taxable","12":"shipping-taxable","13":"purchasable","14":"product-type-variable"},"_links":{"self":[{"href":"https:\/\/par-anoid.fi\/sv\/wp-json\/wp\/v2\/product\/1013"}],"collection":[{"href":"https:\/\/par-anoid.fi\/sv\/wp-json\/wp\/v2\/product"}],"about":[{"href":"https:\/\/par-anoid.fi\/sv\/wp-json\/wp\/v2\/types\/product"}],"wp:featuredmedia":[{"embeddable":true,"href":"https:\/\/par-anoid.fi\/sv\/wp-json\/wp\/v2\/media\/5897"}],"wp:attachment":[{"href":"https:\/\/par-anoid.fi\/sv\/wp-json\/wp\/v2\/media?parent=1013"}],"wp:term":[{"taxonomy":"product_cat","embeddable":true,"href":"https:\/\/par-anoid.fi\/sv\/wp-json\/wp\/v2\/product_cat?post=1013"},{"taxonomy":"product_tag","embeddable":true,"href":"https:\/\/par-anoid.fi\/sv\/wp-json\/wp\/v2\/product_tag?post=1013"}],"curies":[{"name":"wp","href":"https:\/\/api.w.org\/{rel}","templated":true}]}}